{"id":774,"date":"2023-07-22T08:24:33","date_gmt":"2023-07-22T08:24:33","guid":{"rendered":"https:\/\/apuliapraia-hotel.com\/?page_id=774"},"modified":"2025-02-21T22:24:28","modified_gmt":"2025-02-21T22:24:28","slug":"zweibettzimmer","status":"publish","type":"page","link":"https:\/\/apuliapraia-hotel.com\/de\/schlafzimmer\/zweibettzimmer\/","title":{"rendered":"Zweibettzimmer"},"content":{"rendered":"<p><span style=\"vertical-align: inherit\"><span style=\"vertical-align: inherit\">Zimmer mit zwei Einzelbetten (Twin) oder einem Doppelbett (Queen-Size), mit oder ohne Balkon, mit eigenem Badezimmer, Toilettenartikeln und F\u00f6hn. <\/span><span style=\"vertical-align: inherit\">Ausgestattet mit schnellem WLAN, ausgestattet mit Flachbildfernseher, Klimaanlage, Telefon, Safe, Minibar, Wasserkocher und Schreibtisch.<\/span><\/span><\/p>\n<p>Zimmer f\u00fcr Personen mit eingeschr\u00e4nkter Mobilit\u00e4t auf Anfrage verf\u00fcgbar.<\/p>\n","protected":false},"excerpt":{"rendered":"<p>Zimmer mit zwei Einzelbetten (Twin) oder einem Doppelbett (Queen-Size), mit oder ohne Balkon, mit eigenem Badezimmer, Toilettenartikeln und F\u00f6hn. Ausgestattet mit schnellem WLAN, ausgestattet mit Flachbildfernseher, Klimaanlage, Telefon, Safe, Minibar, Wasserkocher und Schreibtisch. Zimmer f\u00fcr Personen mit eingeschr\u00e4nkter Mobilit\u00e4t auf Anfrage verf\u00fcgbar.<\/p>\n","protected":false},"author":565,"featured_media":0,"parent":772,"menu_order":3,"comment_status":"closed","ping_status":"closed","template":"template-single-room.php","meta":{"footnotes":""},"class_list":["post-774","page","type-page","status-publish","hentry"],"yoast_head":"<!-- This site is optimized with the Yoast SEO plugin v26.9 - https:\/\/yoast.com\/product\/yoast-seo-wordpress\/ -->\n<title>Zweibettzimmer - Apulia Praia Hotel -<\/title>\n<meta name=\"description\" content=\"Zimmer mit zwei Einzelbetten (Twin) oder einem Doppelbett (Queen-Size), mit oder ohne Balkon, mit eigenem Badezimmer, Toilettenartikeln und F\u00f6hn. Ausgestattet mit schnellem WLAN, ausgestattet mit Flachbildfernseher, Klimaanlage, Telefon, Safe, Minibar, Wasserkocher und Schreibtisch.  Zimmer f\u00fcr Personen mit eingeschr\u00e4nkter Mobilit\u00e4t auf Anfrage verf\u00fcgbar.\" \/>\n<meta name=\"robots\" content=\"index, follow, max-snippet:-1, max-image-preview:large, max-video-preview:-1\" \/>\n<link rel=\"canonical\" href=\"https:\/\/apuliapraia-hotel.com\/de\/schlafzimmer\/zweibettzimmer\/\" \/>\n<meta property=\"og:locale\" content=\"de_DE\" \/>\n<meta property=\"og:type\" content=\"article\" \/>\n<meta property=\"og:title\" content=\"Zweibettzimmer - Apulia Praia Hotel -\" \/>\n<meta property=\"og:description\" content=\"Zimmer mit zwei Einzelbetten (Twin) oder einem Doppelbett (Queen-Size), mit oder ohne Balkon, mit eigenem Badezimmer, Toilettenartikeln und F\u00f6hn. Ausgestattet mit schnellem WLAN, ausgestattet mit Flachbildfernseher, Klimaanlage, Telefon, Safe, Minibar, Wasserkocher und Schreibtisch.  Zimmer f\u00fcr Personen mit eingeschr\u00e4nkter Mobilit\u00e4t auf Anfrage verf\u00fcgbar.\" \/>\n<meta property=\"og:url\" content=\"https:\/\/apuliapraia-hotel.com\/de\/schlafzimmer\/zweibettzimmer\/\" \/>\n<meta property=\"og:site_name\" content=\"Apulia Praia Hotel\" \/>\n<meta property=\"article:modified_time\" content=\"2025-02-21T22:24:28+00:00\" \/>\n<meta name=\"twitter:card\" content=\"summary_large_image\" \/>\n<meta name=\"twitter:label1\" content=\"Gesch\u00e4tzte Lesezeit\" \/>\n\t<meta name=\"twitter:data1\" content=\"1 Minute\" \/>\n<script type=\"application\/ld+json\" class=\"yoast-schema-graph\">{\"@context\":\"https:\/\/schema.org\",\"@graph\":[{\"@type\":\"WebPage\",\"@id\":\"https:\/\/apuliapraia-hotel.com\/de\/schlafzimmer\/zweibettzimmer\/\",\"url\":\"https:\/\/apuliapraia-hotel.com\/de\/schlafzimmer\/zweibettzimmer\/\",\"name\":\"Zweibettzimmer - Apulia Praia Hotel -\",\"isPartOf\":{\"@id\":\"https:\/\/apuliapraia-hotel.com\/de\/#website\"},\"datePublished\":\"2023-07-22T08:24:33+00:00\",\"dateModified\":\"2025-02-21T22:24:28+00:00\",\"description\":\"Zimmer mit zwei Einzelbetten (Twin) oder einem Doppelbett (Queen-Size), mit oder ohne Balkon, mit eigenem Badezimmer, Toilettenartikeln und F\u00f6hn. Ausgestattet mit schnellem WLAN, ausgestattet mit Flachbildfernseher, Klimaanlage, Telefon, Safe, Minibar, Wasserkocher und Schreibtisch. Zimmer f\u00fcr Personen mit eingeschr\u00e4nkter Mobilit\u00e4t auf Anfrage verf\u00fcgbar.\",\"breadcrumb\":{\"@id\":\"https:\/\/apuliapraia-hotel.com\/de\/schlafzimmer\/zweibettzimmer\/#breadcrumb\"},\"inLanguage\":\"de-DE\",\"potentialAction\":[{\"@type\":\"ReadAction\",\"target\":[\"https:\/\/apuliapraia-hotel.com\/de\/schlafzimmer\/zweibettzimmer\/\"]}]},{\"@type\":\"BreadcrumbList\",\"@id\":\"https:\/\/apuliapraia-hotel.com\/de\/schlafzimmer\/zweibettzimmer\/#breadcrumb\",\"itemListElement\":[{\"@type\":\"ListItem\",\"position\":1,\"name\":\"Home\",\"item\":\"https:\/\/apuliapraia-hotel.com\/de\/\"},{\"@type\":\"ListItem\",\"position\":2,\"name\":\"Schlafzimmer\",\"item\":\"https:\/\/apuliapraia-hotel.com\/de\/schlafzimmer\/\"},{\"@type\":\"ListItem\",\"position\":3,\"name\":\"Zweibettzimmer\"}]},{\"@type\":\"WebSite\",\"@id\":\"https:\/\/apuliapraia-hotel.com\/de\/#website\",\"url\":\"https:\/\/apuliapraia-hotel.com\/de\/\",\"name\":\"Apulia Praia Hotel\",\"description\":\"\",\"potentialAction\":[{\"@type\":\"SearchAction\",\"target\":{\"@type\":\"EntryPoint\",\"urlTemplate\":\"https:\/\/apuliapraia-hotel.com\/de\/?s={search_term_string}\"},\"query-input\":{\"@type\":\"PropertyValueSpecification\",\"valueRequired\":true,\"valueName\":\"search_term_string\"}}],\"inLanguage\":\"de-DE\"}]}<\/script>\n<!-- \/ Yoast SEO plugin. -->","yoast_head_json":{"title":"Zweibettzimmer - Apulia Praia Hotel -","description":"Zimmer mit zwei Einzelbetten (Twin) oder einem Doppelbett (Queen-Size), mit oder ohne Balkon, mit eigenem Badezimmer, Toilettenartikeln und F\u00f6hn. Ausgestattet mit schnellem WLAN, ausgestattet mit Flachbildfernseher, Klimaanlage, Telefon, Safe, Minibar, Wasserkocher und Schreibtisch.  Zimmer f\u00fcr Personen mit eingeschr\u00e4nkter Mobilit\u00e4t auf Anfrage verf\u00fcgbar.","robots":{"index":"index","follow":"follow","max-snippet":"max-snippet:-1","max-image-preview":"max-image-preview:large","max-video-preview":"max-video-preview:-1"},"canonical":"https:\/\/apuliapraia-hotel.com\/de\/schlafzimmer\/zweibettzimmer\/","og_locale":"de_DE","og_type":"article","og_title":"Zweibettzimmer - Apulia Praia Hotel -","og_description":"Zimmer mit zwei Einzelbetten (Twin) oder einem Doppelbett (Queen-Size), mit oder ohne Balkon, mit eigenem Badezimmer, Toilettenartikeln und F\u00f6hn. Ausgestattet mit schnellem WLAN, ausgestattet mit Flachbildfernseher, Klimaanlage, Telefon, Safe, Minibar, Wasserkocher und Schreibtisch.  Zimmer f\u00fcr Personen mit eingeschr\u00e4nkter Mobilit\u00e4t auf Anfrage verf\u00fcgbar.","og_url":"https:\/\/apuliapraia-hotel.com\/de\/schlafzimmer\/zweibettzimmer\/","og_site_name":"Apulia Praia Hotel","article_modified_time":"2025-02-21T22:24:28+00:00","twitter_card":"summary_large_image","twitter_misc":{"Gesch\u00e4tzte Lesezeit":"1 Minute"},"schema":{"@context":"https:\/\/schema.org","@graph":[{"@type":"WebPage","@id":"https:\/\/apuliapraia-hotel.com\/de\/schlafzimmer\/zweibettzimmer\/","url":"https:\/\/apuliapraia-hotel.com\/de\/schlafzimmer\/zweibettzimmer\/","name":"Zweibettzimmer - Apulia Praia Hotel -","isPartOf":{"@id":"https:\/\/apuliapraia-hotel.com\/de\/#website"},"datePublished":"2023-07-22T08:24:33+00:00","dateModified":"2025-02-21T22:24:28+00:00","description":"Zimmer mit zwei Einzelbetten (Twin) oder einem Doppelbett (Queen-Size), mit oder ohne Balkon, mit eigenem Badezimmer, Toilettenartikeln und F\u00f6hn. Ausgestattet mit schnellem WLAN, ausgestattet mit Flachbildfernseher, Klimaanlage, Telefon, Safe, Minibar, Wasserkocher und Schreibtisch. Zimmer f\u00fcr Personen mit eingeschr\u00e4nkter Mobilit\u00e4t auf Anfrage verf\u00fcgbar.","breadcrumb":{"@id":"https:\/\/apuliapraia-hotel.com\/de\/schlafzimmer\/zweibettzimmer\/#breadcrumb"},"inLanguage":"de-DE","potentialAction":[{"@type":"ReadAction","target":["https:\/\/apuliapraia-hotel.com\/de\/schlafzimmer\/zweibettzimmer\/"]}]},{"@type":"BreadcrumbList","@id":"https:\/\/apuliapraia-hotel.com\/de\/schlafzimmer\/zweibettzimmer\/#breadcrumb","itemListElement":[{"@type":"ListItem","position":1,"name":"Home","item":"https:\/\/apuliapraia-hotel.com\/de\/"},{"@type":"ListItem","position":2,"name":"Schlafzimmer","item":"https:\/\/apuliapraia-hotel.com\/de\/schlafzimmer\/"},{"@type":"ListItem","position":3,"name":"Zweibettzimmer"}]},{"@type":"WebSite","@id":"https:\/\/apuliapraia-hotel.com\/de\/#website","url":"https:\/\/apuliapraia-hotel.com\/de\/","name":"Apulia Praia Hotel","description":"","potentialAction":[{"@type":"SearchAction","target":{"@type":"EntryPoint","urlTemplate":"https:\/\/apuliapraia-hotel.com\/de\/?s={search_term_string}"},"query-input":{"@type":"PropertyValueSpecification","valueRequired":true,"valueName":"search_term_string"}}],"inLanguage":"de-DE"}]}},"acf":[],"_links":{"self":[{"href":"https:\/\/apuliapraia-hotel.com\/de\/wp-json\/wp\/v2\/pages\/774","targetHints":{"allow":["GET"]}}],"collection":[{"href":"https:\/\/apuliapraia-hotel.com\/de\/wp-json\/wp\/v2\/pages"}],"about":[{"href":"https:\/\/apuliapraia-hotel.com\/de\/wp-json\/wp\/v2\/types\/page"}],"author":[{"embeddable":true,"href":"https:\/\/apuliapraia-hotel.com\/de\/wp-json\/wp\/v2\/users\/565"}],"replies":[{"embeddable":true,"href":"https:\/\/apuliapraia-hotel.com\/de\/wp-json\/wp\/v2\/comments?post=774"}],"version-history":[{"count":0,"href":"https:\/\/apuliapraia-hotel.com\/de\/wp-json\/wp\/v2\/pages\/774\/revisions"}],"up":[{"embeddable":true,"href":"https:\/\/apuliapraia-hotel.com\/de\/wp-json\/wp\/v2\/pages\/772"}],"wp:attachment":[{"href":"https:\/\/apuliapraia-hotel.com\/de\/wp-json\/wp\/v2\/media?parent=774"}],"curies":[{"name":"wp","href":"https:\/\/api.w.org\/{rel}","templated":true}]}}