{"id":764,"date":"2023-07-21T15:39:05","date_gmt":"2023-07-21T15:39:05","guid":{"rendered":"https:\/\/apuliapraia-hotel.com\/?page_id=764"},"modified":"2023-07-25T10:07:34","modified_gmt":"2023-07-25T10:07:34","slug":"silvas-farm","status":"publish","type":"page","link":"https:\/\/apuliapraia-hotel.com\/de\/silvas-farm\/","title":{"rendered":"Silva&#8217;s Farm"},"content":{"rendered":"<p><span style=\"vertical-align: inherit\"><span style=\"vertical-align: inherit\"><span style=\"vertical-align: inherit\"><span style=\"vertical-align: inherit\"><span style=\"vertical-align: inherit\"><span style=\"vertical-align: inherit\"><span style=\"vertical-align: inherit\"><span style=\"vertical-align: inherit\"><span style=\"vertical-align: inherit\"><span style=\"vertical-align: inherit\"><span style=\"vertical-align: inherit\"><span style=\"vertical-align: inherit\"><span style=\"vertical-align: inherit\"><span style=\"vertical-align: inherit\">Wenn Sie nach einem neuen Erlebnis und einer mehr zur\u00fcckhaltenden Umgebung suchen, dann empfehlen wir Ihnen Sylvas Farm (Quinta da Silva auf Portugiesisch) \u2013 eine lokale Unterkunft, welche nur 5 Minuten von der historischen Stadt Barcelos entfernt ist.<\/span><\/span><\/span><\/span><\/span><\/span><\/span><\/span><\/span><\/span><\/span><\/span><\/span><\/span><\/p>\n<p><span style=\"vertical-align: inherit\"><span style=\"vertical-align: inherit\"><span style=\"vertical-align: inherit\"><span style=\"vertical-align: inherit\"><span style=\"vertical-align: inherit\"><span style=\"vertical-align: inherit\"><span style=\"vertical-align: inherit\"><span style=\"vertical-align: inherit\"><span style=\"vertical-align: inherit\"><span style=\"vertical-align: inherit\"><span style=\"vertical-align: inherit\"><span style=\"vertical-align: inherit\">Sylvas Farm ist ideal f\u00fcr Familienmomente und Treffen mit Freunden. <\/span><\/span><\/span><\/span><\/span><\/span><\/span><\/span><\/span><\/span><\/span><span style=\"vertical-align: inherit\"><span style=\"vertical-align: inherit\"><span style=\"vertical-align: inherit\"><span style=\"vertical-align: inherit\"><span style=\"vertical-align: inherit\"><span style=\"vertical-align: inherit\"><span style=\"vertical-align: inherit\"><span style=\"vertical-align: inherit\"><span style=\"vertical-align: inherit\"><span style=\"vertical-align: inherit\"><span style=\"vertical-align: inherit\">Die Farm besteht aus drei Schlafzimmern mit privaten Badezimmern und einem B\u00fcro, das bis zu acht Personen unterbringen kann. <\/span><\/span><\/span><\/span><\/span><\/span><\/span><\/span><\/span><\/span><\/span><span style=\"vertical-align: inherit\"><span style=\"vertical-align: inherit\"><span style=\"vertical-align: inherit\"><span style=\"vertical-align: inherit\"><span style=\"vertical-align: inherit\"><span style=\"vertical-align: inherit\"><span style=\"vertical-align: inherit\"><span style=\"vertical-align: inherit\"><span style=\"vertical-align: inherit\"><span style=\"vertical-align: inherit\"><span style=\"vertical-align: inherit\">Ebenso hat das Haus ein Wohnzimmer, eine ausgestattete K\u00fcche und ein Esszimmer mit direktem Blick auf die Umgebung, einschlie\u00dflich der M\u00fchle und des Baches, der unter dem Haus vorbeiflie\u00dft.<\/span><\/span><\/span><\/span><\/span><\/span><\/span><\/span><\/span><\/span><\/span><\/span><\/p>\n<p><span style=\"vertical-align: inherit\"><span style=\"vertical-align: inherit\"><span style=\"vertical-align: inherit\"><span style=\"vertical-align: inherit\"><span style=\"vertical-align: inherit\"><span style=\"vertical-align: inherit\"><span style=\"vertical-align: inherit\"><span style=\"vertical-align: inherit\"><span style=\"vertical-align: inherit\"><span style=\"vertical-align: inherit\"><span style=\"vertical-align: inherit\"><span style=\"vertical-align: inherit\">Au\u00dferhalb der Farm kann man einen privaten Swimmingpool und einen Ballsaal haben, der sich perfekt f\u00fcr Grillpartys, Feste und kleine Veranstaltungen eignet. <\/span><\/span><\/span><\/span><\/span><\/span><\/span><\/span><\/span><\/span><\/span><span style=\"vertical-align: inherit\"><span style=\"vertical-align: inherit\"><span style=\"vertical-align: inherit\"><span style=\"vertical-align: inherit\"><span style=\"vertical-align: inherit\"><span style=\"vertical-align: inherit\"><span style=\"vertical-align: inherit\"><span style=\"vertical-align: inherit\"><span style=\"vertical-align: inherit\"><span style=\"vertical-align: inherit\"><span style=\"vertical-align: inherit\">Zus\u00e4tzlich zu der \u00fcberdachten Garage kann man Vorteile aus den ausreichend sicheren Parkpl\u00e4tzen in unmittelbarer N\u00e4he ziehen.<\/span><\/span><\/span><\/span><\/span><\/span><\/span><\/span><\/span><\/span><\/span><\/span><\/p>\n<p><span style=\"vertical-align: inherit\"><span style=\"vertical-align: inherit\"><span style=\"vertical-align: inherit\"><span style=\"vertical-align: inherit\"><span style=\"vertical-align: inherit\"><span style=\"vertical-align: inherit\"><span style=\"vertical-align: inherit\"><span style=\"vertical-align: inherit\"><span style=\"vertical-align: inherit\"><span style=\"vertical-align: inherit\"><span style=\"vertical-align: inherit\"><span style=\"vertical-align: inherit\"><span style=\"vertical-align: inherit\"><span style=\"vertical-align: inherit\">20 Minuten von dieser Ecke entfernt, findet man die mit der blauen Flagge ausgezeichneten Str\u00e4nde von Ofir bis Apulien und einige touristische Attraktionen von Esposende. <\/span><\/span><\/span><\/span><\/span><\/span><\/span><\/span><\/span><\/span><\/span><\/span><\/span><span style=\"vertical-align: inherit\"><span style=\"vertical-align: inherit\"><span style=\"vertical-align: inherit\"><span style=\"vertical-align: inherit\"><span style=\"vertical-align: inherit\"><span style=\"vertical-align: inherit\"><span style=\"vertical-align: inherit\"><span style=\"vertical-align: inherit\"><span style=\"vertical-align: inherit\"><span style=\"vertical-align: inherit\"><span style=\"vertical-align: inherit\"><span style=\"vertical-align: inherit\"><span style=\"vertical-align: inherit\">Im S\u00fcden befindet sich <\/span><\/span><\/span><\/span><\/span><\/span><\/span><\/span><\/span><\/span><\/span><\/span><\/span><\/span><a href=\"https:\/\/www.aeroportoporto.pt\/en\/opo\/home\"><span style=\"vertical-align: inherit\"><span style=\"vertical-align: inherit\"><span style=\"vertical-align: inherit\"><span style=\"vertical-align: inherit\"><span style=\"vertical-align: inherit\"><span style=\"vertical-align: inherit\"><span style=\"vertical-align: inherit\"><span style=\"vertical-align: inherit\"><span style=\"vertical-align: inherit\"><span style=\"vertical-align: inherit\"><span style=\"vertical-align: inherit\"><span style=\"vertical-align: inherit\"><span style=\"vertical-align: inherit\"><span style=\"vertical-align: inherit\">der Flughafen Francisco S\u00e1 Carneiro (OPO)<\/span><\/span><\/span><\/span><\/span><\/span><\/span><\/span><\/span><\/span><\/span><\/span><\/span><\/span><\/a><span style=\"vertical-align: inherit\"><span style=\"vertical-align: inherit\"><span style=\"vertical-align: inherit\"><span style=\"vertical-align: inherit\"><span style=\"vertical-align: inherit\"><span style=\"vertical-align: inherit\"><span style=\"vertical-align: inherit\"><span style=\"vertical-align: inherit\"><span style=\"vertical-align: inherit\"><span style=\"vertical-align: inherit\"><span style=\"vertical-align: inherit\"><span style=\"vertical-align: inherit\"><span style=\"vertical-align: inherit\"><span style=\"vertical-align: inherit\"> , eine Fahrt von etwa 40 Minuten.<\/span><\/span><\/span><\/span><\/span><\/span><\/span><\/span><\/span><\/span><\/span><\/span><\/span><\/span><\/p>\n","protected":false},"excerpt":{"rendered":"<p>Wenn Sie nach einem neuen Erlebnis und einer mehr zur\u00fcckhaltenden Umgebung suchen, dann empfehlen wir Ihnen Sylvas Farm (Quinta da Silva auf Portugiesisch) \u2013 eine lokale Unterkunft, welche nur 5 Minuten von der historischen Stadt Barcelos entfernt ist. Sylvas Farm ist ideal f\u00fcr Familienmomente und Treffen mit Freunden. Die Farm besteht aus drei Schlafzimmern mit [&hellip;]<\/p>\n","protected":false},"author":565,"featured_media":215,"parent":0,"menu_order":23,"comment_status":"closed","ping_status":"closed","template":"template-default-2.php","meta":{"footnotes":""},"class_list":["post-764","page","type-page","status-publish","has-post-thumbnail","hentry"],"yoast_head":"<!-- This site is optimized with the Yoast SEO plugin v26.9 - https:\/\/yoast.com\/product\/yoast-seo-wordpress\/ -->\n<title>Silva&#039;s Farm - Apulia Praia Hotel -<\/title>\n<meta name=\"description\" content=\"Wenn Sie nach einem neuen Erlebnis und einer mehr zur\u00fcckhaltenden Umgebung suchen, dann empfehlen wir Ihnen Sylvas Farm (Quinta da Silva auf Portugiesisch) \u2013 eine lokale Unterkunft, welche nur 5 Minuten von der historischen Stadt Barcelos entfernt ist.  Sylvas Farm ist ideal f\u00fcr Familienmomente und Treffen mit Freunden. Die Farm besteht aus drei Schlafzimmern mit privaten Badezimmern und einem B\u00fcro, das bis zu acht Personen unterbringen kann\" \/>\n<meta name=\"robots\" content=\"index, follow, max-snippet:-1, max-image-preview:large, max-video-preview:-1\" \/>\n<link rel=\"canonical\" href=\"https:\/\/apuliapraia-hotel.com\/de\/silvas-farm\/\" \/>\n<meta property=\"og:locale\" content=\"de_DE\" \/>\n<meta property=\"og:type\" content=\"article\" \/>\n<meta property=\"og:title\" content=\"Silva&#039;s Farm - Apulia Praia Hotel -\" \/>\n<meta property=\"og:description\" content=\"Wenn Sie nach einem neuen Erlebnis und einer mehr zur\u00fcckhaltenden Umgebung suchen, dann empfehlen wir Ihnen Sylvas Farm (Quinta da Silva auf Portugiesisch) \u2013 eine lokale Unterkunft, welche nur 5 Minuten von der historischen Stadt Barcelos entfernt ist.  Sylvas Farm ist ideal f\u00fcr Familienmomente und Treffen mit Freunden. Die Farm besteht aus drei Schlafzimmern mit privaten Badezimmern und einem B\u00fcro, das bis zu acht Personen unterbringen kann\" \/>\n<meta property=\"og:url\" content=\"https:\/\/apuliapraia-hotel.com\/de\/silvas-farm\/\" \/>\n<meta property=\"og:site_name\" content=\"Apulia Praia Hotel\" \/>\n<meta property=\"article:modified_time\" content=\"2023-07-25T10:07:34+00:00\" \/>\n<meta property=\"og:image\" content=\"https:\/\/apuliapraia-hotel.com\/wp-content\/uploads\/sites\/512\/2023\/01\/Exterior1.jpg\" \/>\n\t<meta property=\"og:image:width\" content=\"1200\" \/>\n\t<meta property=\"og:image:height\" content=\"800\" \/>\n\t<meta property=\"og:image:type\" content=\"image\/jpeg\" \/>\n<meta name=\"twitter:card\" content=\"summary_large_image\" \/>\n<meta name=\"twitter:label1\" content=\"Gesch\u00e4tzte Lesezeit\" \/>\n\t<meta name=\"twitter:data1\" content=\"1 Minute\" \/>\n<script type=\"application\/ld+json\" class=\"yoast-schema-graph\">{\"@context\":\"https:\/\/schema.org\",\"@graph\":[{\"@type\":\"WebPage\",\"@id\":\"https:\/\/apuliapraia-hotel.com\/de\/silvas-farm\/\",\"url\":\"https:\/\/apuliapraia-hotel.com\/de\/silvas-farm\/\",\"name\":\"Silva's Farm - Apulia Praia Hotel -\",\"isPartOf\":{\"@id\":\"https:\/\/apuliapraia-hotel.com\/de\/#website\"},\"primaryImageOfPage\":{\"@id\":\"https:\/\/apuliapraia-hotel.com\/de\/silvas-farm\/#primaryimage\"},\"image\":{\"@id\":\"https:\/\/apuliapraia-hotel.com\/de\/silvas-farm\/#primaryimage\"},\"thumbnailUrl\":\"https:\/\/apuliapraia-hotel.com\/wp-content\/uploads\/sites\/512\/2023\/01\/Exterior1.jpg\",\"datePublished\":\"2023-07-21T15:39:05+00:00\",\"dateModified\":\"2023-07-25T10:07:34+00:00\",\"description\":\"Wenn Sie nach einem neuen Erlebnis und einer mehr zur\u00fcckhaltenden Umgebung suchen, dann empfehlen wir Ihnen Sylvas Farm (Quinta da Silva auf Portugiesisch) \u2013 eine lokale Unterkunft, welche nur 5 Minuten von der historischen Stadt Barcelos entfernt ist. Sylvas Farm ist ideal f\u00fcr Familienmomente und Treffen mit Freunden. Die Farm besteht aus drei Schlafzimmern mit privaten Badezimmern und einem B\u00fcro, das bis zu acht Personen unterbringen kann\",\"breadcrumb\":{\"@id\":\"https:\/\/apuliapraia-hotel.com\/de\/silvas-farm\/#breadcrumb\"},\"inLanguage\":\"de-DE\",\"potentialAction\":[{\"@type\":\"ReadAction\",\"target\":[\"https:\/\/apuliapraia-hotel.com\/de\/silvas-farm\/\"]}]},{\"@type\":\"ImageObject\",\"inLanguage\":\"de-DE\",\"@id\":\"https:\/\/apuliapraia-hotel.com\/de\/silvas-farm\/#primaryimage\",\"url\":\"https:\/\/apuliapraia-hotel.com\/wp-content\/uploads\/sites\/512\/2023\/01\/Exterior1.jpg\",\"contentUrl\":\"https:\/\/apuliapraia-hotel.com\/wp-content\/uploads\/sites\/512\/2023\/01\/Exterior1.jpg\",\"width\":1200,\"height\":800},{\"@type\":\"BreadcrumbList\",\"@id\":\"https:\/\/apuliapraia-hotel.com\/de\/silvas-farm\/#breadcrumb\",\"itemListElement\":[{\"@type\":\"ListItem\",\"position\":1,\"name\":\"Home\",\"item\":\"https:\/\/apuliapraia-hotel.com\/de\/\"},{\"@type\":\"ListItem\",\"position\":2,\"name\":\"Silva&#8217;s Farm\"}]},{\"@type\":\"WebSite\",\"@id\":\"https:\/\/apuliapraia-hotel.com\/de\/#website\",\"url\":\"https:\/\/apuliapraia-hotel.com\/de\/\",\"name\":\"Apulia Praia Hotel\",\"description\":\"\",\"potentialAction\":[{\"@type\":\"SearchAction\",\"target\":{\"@type\":\"EntryPoint\",\"urlTemplate\":\"https:\/\/apuliapraia-hotel.com\/de\/?s={search_term_string}\"},\"query-input\":{\"@type\":\"PropertyValueSpecification\",\"valueRequired\":true,\"valueName\":\"search_term_string\"}}],\"inLanguage\":\"de-DE\"}]}<\/script>\n<!-- \/ Yoast SEO plugin. -->","yoast_head_json":{"title":"Silva's Farm - Apulia Praia Hotel -","description":"Wenn Sie nach einem neuen Erlebnis und einer mehr zur\u00fcckhaltenden Umgebung suchen, dann empfehlen wir Ihnen Sylvas Farm (Quinta da Silva auf Portugiesisch) \u2013 eine lokale Unterkunft, welche nur 5 Minuten von der historischen Stadt Barcelos entfernt ist.  Sylvas Farm ist ideal f\u00fcr Familienmomente und Treffen mit Freunden. Die Farm besteht aus drei Schlafzimmern mit privaten Badezimmern und einem B\u00fcro, das bis zu acht Personen unterbringen kann","robots":{"index":"index","follow":"follow","max-snippet":"max-snippet:-1","max-image-preview":"max-image-preview:large","max-video-preview":"max-video-preview:-1"},"canonical":"https:\/\/apuliapraia-hotel.com\/de\/silvas-farm\/","og_locale":"de_DE","og_type":"article","og_title":"Silva's Farm - Apulia Praia Hotel -","og_description":"Wenn Sie nach einem neuen Erlebnis und einer mehr zur\u00fcckhaltenden Umgebung suchen, dann empfehlen wir Ihnen Sylvas Farm (Quinta da Silva auf Portugiesisch) \u2013 eine lokale Unterkunft, welche nur 5 Minuten von der historischen Stadt Barcelos entfernt ist.  Sylvas Farm ist ideal f\u00fcr Familienmomente und Treffen mit Freunden. Die Farm besteht aus drei Schlafzimmern mit privaten Badezimmern und einem B\u00fcro, das bis zu acht Personen unterbringen kann","og_url":"https:\/\/apuliapraia-hotel.com\/de\/silvas-farm\/","og_site_name":"Apulia Praia Hotel","article_modified_time":"2023-07-25T10:07:34+00:00","og_image":[{"width":1200,"height":800,"url":"https:\/\/apuliapraia-hotel.com\/wp-content\/uploads\/sites\/512\/2023\/01\/Exterior1.jpg","type":"image\/jpeg"}],"twitter_card":"summary_large_image","twitter_misc":{"Gesch\u00e4tzte Lesezeit":"1 Minute"},"schema":{"@context":"https:\/\/schema.org","@graph":[{"@type":"WebPage","@id":"https:\/\/apuliapraia-hotel.com\/de\/silvas-farm\/","url":"https:\/\/apuliapraia-hotel.com\/de\/silvas-farm\/","name":"Silva's Farm - Apulia Praia Hotel -","isPartOf":{"@id":"https:\/\/apuliapraia-hotel.com\/de\/#website"},"primaryImageOfPage":{"@id":"https:\/\/apuliapraia-hotel.com\/de\/silvas-farm\/#primaryimage"},"image":{"@id":"https:\/\/apuliapraia-hotel.com\/de\/silvas-farm\/#primaryimage"},"thumbnailUrl":"https:\/\/apuliapraia-hotel.com\/wp-content\/uploads\/sites\/512\/2023\/01\/Exterior1.jpg","datePublished":"2023-07-21T15:39:05+00:00","dateModified":"2023-07-25T10:07:34+00:00","description":"Wenn Sie nach einem neuen Erlebnis und einer mehr zur\u00fcckhaltenden Umgebung suchen, dann empfehlen wir Ihnen Sylvas Farm (Quinta da Silva auf Portugiesisch) \u2013 eine lokale Unterkunft, welche nur 5 Minuten von der historischen Stadt Barcelos entfernt ist. Sylvas Farm ist ideal f\u00fcr Familienmomente und Treffen mit Freunden. Die Farm besteht aus drei Schlafzimmern mit privaten Badezimmern und einem B\u00fcro, das bis zu acht Personen unterbringen kann","breadcrumb":{"@id":"https:\/\/apuliapraia-hotel.com\/de\/silvas-farm\/#breadcrumb"},"inLanguage":"de-DE","potentialAction":[{"@type":"ReadAction","target":["https:\/\/apuliapraia-hotel.com\/de\/silvas-farm\/"]}]},{"@type":"ImageObject","inLanguage":"de-DE","@id":"https:\/\/apuliapraia-hotel.com\/de\/silvas-farm\/#primaryimage","url":"https:\/\/apuliapraia-hotel.com\/wp-content\/uploads\/sites\/512\/2023\/01\/Exterior1.jpg","contentUrl":"https:\/\/apuliapraia-hotel.com\/wp-content\/uploads\/sites\/512\/2023\/01\/Exterior1.jpg","width":1200,"height":800},{"@type":"BreadcrumbList","@id":"https:\/\/apuliapraia-hotel.com\/de\/silvas-farm\/#breadcrumb","itemListElement":[{"@type":"ListItem","position":1,"name":"Home","item":"https:\/\/apuliapraia-hotel.com\/de\/"},{"@type":"ListItem","position":2,"name":"Silva&#8217;s Farm"}]},{"@type":"WebSite","@id":"https:\/\/apuliapraia-hotel.com\/de\/#website","url":"https:\/\/apuliapraia-hotel.com\/de\/","name":"Apulia Praia Hotel","description":"","potentialAction":[{"@type":"SearchAction","target":{"@type":"EntryPoint","urlTemplate":"https:\/\/apuliapraia-hotel.com\/de\/?s={search_term_string}"},"query-input":{"@type":"PropertyValueSpecification","valueRequired":true,"valueName":"search_term_string"}}],"inLanguage":"de-DE"}]}},"acf":[],"_links":{"self":[{"href":"https:\/\/apuliapraia-hotel.com\/de\/wp-json\/wp\/v2\/pages\/764","targetHints":{"allow":["GET"]}}],"collection":[{"href":"https:\/\/apuliapraia-hotel.com\/de\/wp-json\/wp\/v2\/pages"}],"about":[{"href":"https:\/\/apuliapraia-hotel.com\/de\/wp-json\/wp\/v2\/types\/page"}],"author":[{"embeddable":true,"href":"https:\/\/apuliapraia-hotel.com\/de\/wp-json\/wp\/v2\/users\/565"}],"replies":[{"embeddable":true,"href":"https:\/\/apuliapraia-hotel.com\/de\/wp-json\/wp\/v2\/comments?post=764"}],"version-history":[{"count":0,"href":"https:\/\/apuliapraia-hotel.com\/de\/wp-json\/wp\/v2\/pages\/764\/revisions"}],"wp:featuredmedia":[{"embeddable":true,"href":"https:\/\/apuliapraia-hotel.com\/de\/wp-json\/wp\/v2\/media\/215"}],"wp:attachment":[{"href":"https:\/\/apuliapraia-hotel.com\/de\/wp-json\/wp\/v2\/media?parent=764"}],"curies":[{"name":"wp","href":"https:\/\/api.w.org\/{rel}","templated":true}]}}