{"id":763,"date":"2023-07-21T15:31:32","date_gmt":"2023-07-21T15:31:32","guid":{"rendered":"https:\/\/apuliapraia-hotel.com\/?page_id=763"},"modified":"2025-02-22T16:28:21","modified_gmt":"2025-02-22T16:28:21","slug":"apulia-praia-hotel","status":"publish","type":"page","link":"https:\/\/apuliapraia-hotel.com\/de\/","title":{"rendered":"Apulia Praia Hotel"},"content":{"rendered":"<p><span style=\"vertical-align: inherit\"><span style=\"vertical-align: inherit\"><span style=\"vertical-align: inherit\"><span style=\"vertical-align: inherit\">Das Apulia Praia Hotel, das sich im <\/span><\/span><\/span><\/span><strong><span style=\"vertical-align: inherit\"><span style=\"vertical-align: inherit\"><span style=\"vertical-align: inherit\"><span style=\"vertical-align: inherit\">bildhaften Dorf Ap\u00falia<\/span><\/span><\/span><\/span><\/strong><span style=\"vertical-align: inherit\"><span style=\"vertical-align: inherit\"><span style=\"vertical-align: inherit\"><span style=\"vertical-align: inherit\"> befindet, stellt Ihnen einen komfortablen, erholsamen und zauberhaften Aufenthalt zur Verf\u00fcgung. <\/span><\/span><\/span><span style=\"vertical-align: inherit\"><span style=\"vertical-align: inherit\"><span style=\"vertical-align: inherit\">Ein Teil Ihres Besuchs in unserer wundervollen Ortschaft sind die Unterhaltung, sowie <\/span><\/span><\/span><\/span><strong><span style=\"vertical-align: inherit\"><span style=\"vertical-align: inherit\"><span style=\"vertical-align: inherit\"><span style=\"vertical-align: inherit\">verschiedene Freizeitaktivit\u00e4ten<\/span><\/span><\/span><\/span><\/strong><span style=\"vertical-align: inherit\"><span style=\"vertical-align: inherit\"><span style=\"vertical-align: inherit\"><span style=\"vertical-align: inherit\"> sei es an Land, in der Luft oder im Wasser.<\/span><\/span><\/span><\/span><\/p>\n<p><span style=\"vertical-align: inherit\"><span style=\"vertical-align: inherit\"><span style=\"vertical-align: inherit\"><span style=\"vertical-align: inherit\">Zus\u00e4tzlich zu diesen unglaublichen M\u00f6glichkeiten finden Sie <\/span><\/span><\/span><\/span><strong><span style=\"vertical-align: inherit\"><span style=\"vertical-align: inherit\"><span style=\"vertical-align: inherit\"><span style=\"vertical-align: inherit\">nur 400 Meter<\/span><\/span><\/span><\/span><\/strong><span style=\"vertical-align: inherit\"><span style=\"vertical-align: inherit\"><span style=\"vertical-align: inherit\"><span style=\"vertical-align: inherit\"> von unserem Hotel entfernt den Strand von Ap\u00falia, der f\u00fcr sein jodhaltiges Heilwasser und seine ber\u00fchmten <a href=\"https:\/\/apuliapraia-hotel.com\/de\/region\/muehlen-von-apulia\/\">Windm\u00fchlen<\/a> bekannt ist. <\/span><\/span><\/span><span style=\"vertical-align: inherit\"><span style=\"vertical-align: inherit\"><span style=\"vertical-align: inherit\">Ebenfalls sehr nahe beim Hotel finden Sie Fu\u00dfwege des 16 km langen <a href=\"https:\/\/apuliapraia-hotel.com\/de\/region\/nordkuesten-naturpark\/\">Naturparks Nordk\u00fcste<\/a> entlang der gesamten K\u00fcstenlinie und die verschiedenen Wanderwege, welche die Gebiete der Region durchqueren.<\/span><\/span><\/span><\/span><\/p>\n<p><span style=\"vertical-align: inherit\"><span style=\"vertical-align: inherit\"><span style=\"vertical-align: inherit\"><span style=\"vertical-align: inherit\">Aufgrund dessen laden wir Sie ein, die Sch\u00f6nheit unserer Landschaft zu genie\u00dfen, die k\u00f6stliche, lokale Gastronomie zu erkunden, die atemberaubenden Touristenattraktionen zu besuchen und die Gastfreundschaft des Apulia Praia Hotelteams und aller Einwohner Ap\u00falias zu <a href=\"https:\/\/apuliapraia-hotel.com\/de\/ueber-uns\/\">erleben<\/a>.<\/span><\/span><\/span><\/span><\/p>\n<p><span style=\"vertical-align: inherit\"><span style=\"vertical-align: inherit\"><span style=\"vertical-align: inherit\"><span style=\"vertical-align: inherit\">Wir warten auf Sie!<\/span><\/span><\/span><\/span><\/p>\n","protected":false},"excerpt":{"rendered":"<p>Das Apulia Praia Hotel, das sich im bildhaften Dorf Ap\u00falia befindet, stellt Ihnen einen komfortablen, erholsamen und zauberhaften Aufenthalt zur Verf\u00fcgung. Ein Teil Ihres Besuchs in unserer wundervollen Ortschaft sind die Unterhaltung, sowie verschiedene Freizeitaktivit\u00e4ten sei es an Land, in der Luft oder im Wasser. Zus\u00e4tzlich zu diesen unglaublichen M\u00f6glichkeiten finden Sie nur 400 Meter [&hellip;]<\/p>\n","protected":false},"author":565,"featured_media":0,"parent":0,"menu_order":0,"comment_status":"closed","ping_status":"closed","template":"","meta":{"footnotes":""},"class_list":["post-763","page","type-page","status-publish","hentry"],"yoast_head":"<!-- This site is optimized with the Yoast SEO plugin v26.9 - https:\/\/yoast.com\/product\/yoast-seo-wordpress\/ -->\n<title>Apulia Praia Hotel - Apulia Praia Hotel -<\/title>\n<meta name=\"description\" content=\"Das Apulia Praia Hotel, das sich im bildhaften Dorf Ap\u00falia befindet, stellt Ihnen einen komfortablen, erholsamen und zauberhaften Aufenthalt zur Verf\u00fcgung. Ein Teil Ihres Besuchs in unserer wundervollen Ortschaft sind die Unterhaltung, sowie verschiedene Freizeitaktivit\u00e4ten sei es an Land, in der Luft oder im Wasser.  Zus\u00e4tzlich zu diesen unglaublichen M\u00f6glichkeiten finden Sie nur 400 Meter von unserem Hotel entfernt den Strand von Ap\u00falia, der f\u00fcr sein jodhaltiges Heilwasser und seine ber\u00fchmten Windm\u00fchlen bekannt ist\" \/>\n<meta name=\"robots\" content=\"index, follow, max-snippet:-1, max-image-preview:large, max-video-preview:-1\" \/>\n<link rel=\"canonical\" href=\"https:\/\/apuliapraia-hotel.com\/de\/\" \/>\n<meta property=\"og:locale\" content=\"de_DE\" \/>\n<meta property=\"og:type\" content=\"article\" \/>\n<meta property=\"og:title\" content=\"Apulia Praia Hotel - Apulia Praia Hotel -\" \/>\n<meta property=\"og:description\" content=\"Das Apulia Praia Hotel, das sich im bildhaften Dorf Ap\u00falia befindet, stellt Ihnen einen komfortablen, erholsamen und zauberhaften Aufenthalt zur Verf\u00fcgung. Ein Teil Ihres Besuchs in unserer wundervollen Ortschaft sind die Unterhaltung, sowie verschiedene Freizeitaktivit\u00e4ten sei es an Land, in der Luft oder im Wasser.  Zus\u00e4tzlich zu diesen unglaublichen M\u00f6glichkeiten finden Sie nur 400 Meter von unserem Hotel entfernt den Strand von Ap\u00falia, der f\u00fcr sein jodhaltiges Heilwasser und seine ber\u00fchmten Windm\u00fchlen bekannt ist\" \/>\n<meta property=\"og:url\" content=\"https:\/\/apuliapraia-hotel.com\/de\/\" \/>\n<meta property=\"og:site_name\" content=\"Apulia Praia Hotel\" \/>\n<meta property=\"article:modified_time\" content=\"2025-02-22T16:28:21+00:00\" \/>\n<meta name=\"twitter:card\" content=\"summary_large_image\" \/>\n<meta name=\"twitter:label1\" content=\"Gesch\u00e4tzte Lesezeit\" \/>\n\t<meta name=\"twitter:data1\" content=\"1 Minute\" \/>\n<script type=\"application\/ld+json\" class=\"yoast-schema-graph\">{\"@context\":\"https:\/\/schema.org\",\"@graph\":[{\"@type\":\"WebPage\",\"@id\":\"https:\/\/apuliapraia-hotel.com\/de\/\",\"url\":\"https:\/\/apuliapraia-hotel.com\/de\/\",\"name\":\"Apulia Praia Hotel - Apulia Praia Hotel -\",\"isPartOf\":{\"@id\":\"https:\/\/apuliapraia-hotel.com\/de\/#website\"},\"datePublished\":\"2023-07-21T15:31:32+00:00\",\"dateModified\":\"2025-02-22T16:28:21+00:00\",\"description\":\"Das Apulia Praia Hotel, das sich im bildhaften Dorf Ap\u00falia befindet, stellt Ihnen einen komfortablen, erholsamen und zauberhaften Aufenthalt zur Verf\u00fcgung. Ein Teil Ihres Besuchs in unserer wundervollen Ortschaft sind die Unterhaltung, sowie verschiedene Freizeitaktivit\u00e4ten sei es an Land, in der Luft oder im Wasser. Zus\u00e4tzlich zu diesen unglaublichen M\u00f6glichkeiten finden Sie nur 400 Meter von unserem Hotel entfernt den Strand von Ap\u00falia, der f\u00fcr sein jodhaltiges Heilwasser und seine ber\u00fchmten Windm\u00fchlen bekannt ist\",\"breadcrumb\":{\"@id\":\"https:\/\/apuliapraia-hotel.com\/de\/#breadcrumb\"},\"inLanguage\":\"de-DE\",\"potentialAction\":[{\"@type\":\"ReadAction\",\"target\":[\"https:\/\/apuliapraia-hotel.com\/de\/\"]}]},{\"@type\":\"BreadcrumbList\",\"@id\":\"https:\/\/apuliapraia-hotel.com\/de\/#breadcrumb\",\"itemListElement\":[{\"@type\":\"ListItem\",\"position\":1,\"name\":\"Home\",\"item\":\"https:\/\/apuliapraia-hotel.com\/de\/\"},{\"@type\":\"ListItem\",\"position\":2,\"name\":\"Apulia Praia Hotel\"}]},{\"@type\":\"WebSite\",\"@id\":\"https:\/\/apuliapraia-hotel.com\/de\/#website\",\"url\":\"https:\/\/apuliapraia-hotel.com\/de\/\",\"name\":\"Apulia Praia Hotel\",\"description\":\"\",\"potentialAction\":[{\"@type\":\"SearchAction\",\"target\":{\"@type\":\"EntryPoint\",\"urlTemplate\":\"https:\/\/apuliapraia-hotel.com\/de\/?s={search_term_string}\"},\"query-input\":{\"@type\":\"PropertyValueSpecification\",\"valueRequired\":true,\"valueName\":\"search_term_string\"}}],\"inLanguage\":\"de-DE\"}]}<\/script>\n<!-- \/ Yoast SEO plugin. -->","yoast_head_json":{"title":"Apulia Praia Hotel - Apulia Praia Hotel -","description":"Das Apulia Praia Hotel, das sich im bildhaften Dorf Ap\u00falia befindet, stellt Ihnen einen komfortablen, erholsamen und zauberhaften Aufenthalt zur Verf\u00fcgung. Ein Teil Ihres Besuchs in unserer wundervollen Ortschaft sind die Unterhaltung, sowie verschiedene Freizeitaktivit\u00e4ten sei es an Land, in der Luft oder im Wasser.  Zus\u00e4tzlich zu diesen unglaublichen M\u00f6glichkeiten finden Sie nur 400 Meter von unserem Hotel entfernt den Strand von Ap\u00falia, der f\u00fcr sein jodhaltiges Heilwasser und seine ber\u00fchmten Windm\u00fchlen bekannt ist","robots":{"index":"index","follow":"follow","max-snippet":"max-snippet:-1","max-image-preview":"max-image-preview:large","max-video-preview":"max-video-preview:-1"},"canonical":"https:\/\/apuliapraia-hotel.com\/de\/","og_locale":"de_DE","og_type":"article","og_title":"Apulia Praia Hotel - Apulia Praia Hotel -","og_description":"Das Apulia Praia Hotel, das sich im bildhaften Dorf Ap\u00falia befindet, stellt Ihnen einen komfortablen, erholsamen und zauberhaften Aufenthalt zur Verf\u00fcgung. Ein Teil Ihres Besuchs in unserer wundervollen Ortschaft sind die Unterhaltung, sowie verschiedene Freizeitaktivit\u00e4ten sei es an Land, in der Luft oder im Wasser.  Zus\u00e4tzlich zu diesen unglaublichen M\u00f6glichkeiten finden Sie nur 400 Meter von unserem Hotel entfernt den Strand von Ap\u00falia, der f\u00fcr sein jodhaltiges Heilwasser und seine ber\u00fchmten Windm\u00fchlen bekannt ist","og_url":"https:\/\/apuliapraia-hotel.com\/de\/","og_site_name":"Apulia Praia Hotel","article_modified_time":"2025-02-22T16:28:21+00:00","twitter_card":"summary_large_image","twitter_misc":{"Gesch\u00e4tzte Lesezeit":"1 Minute"},"schema":{"@context":"https:\/\/schema.org","@graph":[{"@type":"WebPage","@id":"https:\/\/apuliapraia-hotel.com\/de\/","url":"https:\/\/apuliapraia-hotel.com\/de\/","name":"Apulia Praia Hotel - Apulia Praia Hotel -","isPartOf":{"@id":"https:\/\/apuliapraia-hotel.com\/de\/#website"},"datePublished":"2023-07-21T15:31:32+00:00","dateModified":"2025-02-22T16:28:21+00:00","description":"Das Apulia Praia Hotel, das sich im bildhaften Dorf Ap\u00falia befindet, stellt Ihnen einen komfortablen, erholsamen und zauberhaften Aufenthalt zur Verf\u00fcgung. Ein Teil Ihres Besuchs in unserer wundervollen Ortschaft sind die Unterhaltung, sowie verschiedene Freizeitaktivit\u00e4ten sei es an Land, in der Luft oder im Wasser. Zus\u00e4tzlich zu diesen unglaublichen M\u00f6glichkeiten finden Sie nur 400 Meter von unserem Hotel entfernt den Strand von Ap\u00falia, der f\u00fcr sein jodhaltiges Heilwasser und seine ber\u00fchmten Windm\u00fchlen bekannt ist","breadcrumb":{"@id":"https:\/\/apuliapraia-hotel.com\/de\/#breadcrumb"},"inLanguage":"de-DE","potentialAction":[{"@type":"ReadAction","target":["https:\/\/apuliapraia-hotel.com\/de\/"]}]},{"@type":"BreadcrumbList","@id":"https:\/\/apuliapraia-hotel.com\/de\/#breadcrumb","itemListElement":[{"@type":"ListItem","position":1,"name":"Home","item":"https:\/\/apuliapraia-hotel.com\/de\/"},{"@type":"ListItem","position":2,"name":"Apulia Praia Hotel"}]},{"@type":"WebSite","@id":"https:\/\/apuliapraia-hotel.com\/de\/#website","url":"https:\/\/apuliapraia-hotel.com\/de\/","name":"Apulia Praia Hotel","description":"","potentialAction":[{"@type":"SearchAction","target":{"@type":"EntryPoint","urlTemplate":"https:\/\/apuliapraia-hotel.com\/de\/?s={search_term_string}"},"query-input":{"@type":"PropertyValueSpecification","valueRequired":true,"valueName":"search_term_string"}}],"inLanguage":"de-DE"}]}},"acf":[],"_links":{"self":[{"href":"https:\/\/apuliapraia-hotel.com\/de\/wp-json\/wp\/v2\/pages\/763","targetHints":{"allow":["GET"]}}],"collection":[{"href":"https:\/\/apuliapraia-hotel.com\/de\/wp-json\/wp\/v2\/pages"}],"about":[{"href":"https:\/\/apuliapraia-hotel.com\/de\/wp-json\/wp\/v2\/types\/page"}],"author":[{"embeddable":true,"href":"https:\/\/apuliapraia-hotel.com\/de\/wp-json\/wp\/v2\/users\/565"}],"replies":[{"embeddable":true,"href":"https:\/\/apuliapraia-hotel.com\/de\/wp-json\/wp\/v2\/comments?post=763"}],"version-history":[{"count":0,"href":"https:\/\/apuliapraia-hotel.com\/de\/wp-json\/wp\/v2\/pages\/763\/revisions"}],"wp:attachment":[{"href":"https:\/\/apuliapraia-hotel.com\/de\/wp-json\/wp\/v2\/media?parent=763"}],"curies":[{"name":"wp","href":"https:\/\/api.w.org\/{rel}","templated":true}]}}