{"id":1733,"date":"2025-07-29T21:43:57","date_gmt":"2025-07-29T21:43:57","guid":{"rendered":"https:\/\/apuliapraia-hotel.com\/?page_id=1733"},"modified":"2025-07-29T21:44:26","modified_gmt":"2025-07-29T21:44:26","slug":"aquaryde","status":"publish","type":"page","link":"https:\/\/apuliapraia-hotel.com\/de\/789-2\/aquaryde\/","title":{"rendered":"Aquaryde"},"content":{"rendered":"<p data-start=\"0\" data-end=\"91\"><strong>Zbulo lirin\u00eb p\u00ebr t\u00eb pedaluar mbi uj\u00eb n\u00eb nj\u00eb p\u00ebrvoj\u00eb unike dhe t\u00eb paharrueshme n\u00eb Esposende!<\/strong><\/p>\n<ul>\n<li data-start=\"93\" data-end=\"161\">Bi\u00e7ikleta ujore, individuale dhe\/ose dyshe, n\u00eb dispozicion p\u00ebr qira<\/li>\n<li data-start=\"163\" data-end=\"216\">P\u00ebrfshin siguracion, jelek shp\u00ebtimi dhe mjet ndihm\u00ebs<\/li>\n<li data-start=\"218\" data-end=\"251\">\u00c7mimi nis nga 12 \u20ac p\u00ebr 30 minuta<\/li>\n<\/ul>\n","protected":false},"excerpt":{"rendered":"<p>Zbulo lirin\u00eb p\u00ebr t\u00eb pedaluar mbi uj\u00eb n\u00eb nj\u00eb p\u00ebrvoj\u00eb unike dhe t\u00eb paharrueshme n\u00eb Esposende! Bi\u00e7ikleta ujore, individuale dhe\/ose dyshe, n\u00eb dispozicion p\u00ebr qira P\u00ebrfshin siguracion, jelek shp\u00ebtimi dhe mjet ndihm\u00ebs \u00c7mimi nis nga 12 \u20ac p\u00ebr 30 minuta<\/p>\n","protected":false},"author":565,"featured_media":0,"parent":789,"menu_order":0,"comment_status":"closed","ping_status":"closed","template":"template-default-4.php","meta":{"footnotes":""},"class_list":["post-1733","page","type-page","status-publish","hentry"],"yoast_head":"<!-- This site is optimized with the Yoast SEO plugin v26.9 - https:\/\/yoast.com\/product\/yoast-seo-wordpress\/ -->\n<title>Aquaryde - Apulia Praia Hotel -<\/title>\n<meta name=\"description\" content=\"Zbulo lirin\u00eb p\u00ebr t\u00eb pedaluar mbi uj\u00eb n\u00eb nj\u00eb p\u00ebrvoj\u00eb unike dhe t\u00eb paharrueshme n\u00eb Esposende!    Bi\u00e7ikleta ujore, individuale dhe\/ose dyshe, n\u00eb dispozicion p\u00ebr qira  P\u00ebrfshin siguracion, jelek shp\u00ebtimi dhe mjet ndihm\u00ebs  \u00c7mimi nis nga 12 \u20ac p\u00ebr 30 minuta .\" \/>\n<meta name=\"robots\" content=\"index, follow, max-snippet:-1, max-image-preview:large, max-video-preview:-1\" \/>\n<link rel=\"canonical\" href=\"https:\/\/apuliapraia-hotel.com\/de\/789-2\/aquaryde\/\" \/>\n<meta property=\"og:locale\" content=\"de_DE\" \/>\n<meta property=\"og:type\" content=\"article\" \/>\n<meta property=\"og:title\" content=\"Aquaryde - Apulia Praia Hotel -\" \/>\n<meta property=\"og:description\" content=\"Zbulo lirin\u00eb p\u00ebr t\u00eb pedaluar mbi uj\u00eb n\u00eb nj\u00eb p\u00ebrvoj\u00eb unike dhe t\u00eb paharrueshme n\u00eb Esposende!    Bi\u00e7ikleta ujore, individuale dhe\/ose dyshe, n\u00eb dispozicion p\u00ebr qira  P\u00ebrfshin siguracion, jelek shp\u00ebtimi dhe mjet ndihm\u00ebs  \u00c7mimi nis nga 12 \u20ac p\u00ebr 30 minuta .\" \/>\n<meta property=\"og:url\" content=\"https:\/\/apuliapraia-hotel.com\/de\/789-2\/aquaryde\/\" \/>\n<meta property=\"og:site_name\" content=\"Apulia Praia Hotel\" \/>\n<meta property=\"article:modified_time\" content=\"2025-07-29T21:44:26+00:00\" \/>\n<meta name=\"twitter:card\" content=\"summary_large_image\" \/>\n<meta name=\"twitter:label1\" content=\"Gesch\u00e4tzte Lesezeit\" \/>\n\t<meta name=\"twitter:data1\" content=\"1 Minute\" \/>\n<script type=\"application\/ld+json\" class=\"yoast-schema-graph\">{\"@context\":\"https:\/\/schema.org\",\"@graph\":[{\"@type\":\"WebPage\",\"@id\":\"https:\/\/apuliapraia-hotel.com\/de\/789-2\/aquaryde\/\",\"url\":\"https:\/\/apuliapraia-hotel.com\/de\/789-2\/aquaryde\/\",\"name\":\"Aquaryde - Apulia Praia Hotel -\",\"isPartOf\":{\"@id\":\"https:\/\/apuliapraia-hotel.com\/de\/#website\"},\"datePublished\":\"2025-07-29T21:43:57+00:00\",\"dateModified\":\"2025-07-29T21:44:26+00:00\",\"description\":\"Zbulo lirin\u00eb p\u00ebr t\u00eb pedaluar mbi uj\u00eb n\u00eb nj\u00eb p\u00ebrvoj\u00eb unike dhe t\u00eb paharrueshme n\u00eb Esposende! \u2022 Bi\u00e7ikleta ujore, individuale dhe\/ose dyshe, n\u00eb dispozicion p\u00ebr qira \u2022 P\u00ebrfshin siguracion, jelek shp\u00ebtimi dhe mjet ndihm\u00ebs \u2022 \u00c7mimi nis nga 12 \u20ac p\u00ebr 30 minuta .\",\"breadcrumb\":{\"@id\":\"https:\/\/apuliapraia-hotel.com\/de\/789-2\/aquaryde\/#breadcrumb\"},\"inLanguage\":\"de-DE\",\"potentialAction\":[{\"@type\":\"ReadAction\",\"target\":[\"https:\/\/apuliapraia-hotel.com\/de\/789-2\/aquaryde\/\"]}]},{\"@type\":\"BreadcrumbList\",\"@id\":\"https:\/\/apuliapraia-hotel.com\/de\/789-2\/aquaryde\/#breadcrumb\",\"itemListElement\":[{\"@type\":\"ListItem\",\"position\":1,\"name\":\"Home\",\"item\":\"https:\/\/apuliapraia-hotel.com\/de\/\"},{\"@type\":\"ListItem\",\"position\":2,\"name\":\"Erlebnisse\",\"item\":\"https:\/\/apuliapraia-hotel.com\/de\/789-2\/\"},{\"@type\":\"ListItem\",\"position\":3,\"name\":\"Aquaryde\"}]},{\"@type\":\"WebSite\",\"@id\":\"https:\/\/apuliapraia-hotel.com\/de\/#website\",\"url\":\"https:\/\/apuliapraia-hotel.com\/de\/\",\"name\":\"Apulia Praia Hotel\",\"description\":\"\",\"potentialAction\":[{\"@type\":\"SearchAction\",\"target\":{\"@type\":\"EntryPoint\",\"urlTemplate\":\"https:\/\/apuliapraia-hotel.com\/de\/?s={search_term_string}\"},\"query-input\":{\"@type\":\"PropertyValueSpecification\",\"valueRequired\":true,\"valueName\":\"search_term_string\"}}],\"inLanguage\":\"de-DE\"}]}<\/script>\n<!-- \/ Yoast SEO plugin. -->","yoast_head_json":{"title":"Aquaryde - Apulia Praia Hotel -","description":"Zbulo lirin\u00eb p\u00ebr t\u00eb pedaluar mbi uj\u00eb n\u00eb nj\u00eb p\u00ebrvoj\u00eb unike dhe t\u00eb paharrueshme n\u00eb Esposende!    Bi\u00e7ikleta ujore, individuale dhe\/ose dyshe, n\u00eb dispozicion p\u00ebr qira  P\u00ebrfshin siguracion, jelek shp\u00ebtimi dhe mjet ndihm\u00ebs  \u00c7mimi nis nga 12 \u20ac p\u00ebr 30 minuta .","robots":{"index":"index","follow":"follow","max-snippet":"max-snippet:-1","max-image-preview":"max-image-preview:large","max-video-preview":"max-video-preview:-1"},"canonical":"https:\/\/apuliapraia-hotel.com\/de\/789-2\/aquaryde\/","og_locale":"de_DE","og_type":"article","og_title":"Aquaryde - Apulia Praia Hotel -","og_description":"Zbulo lirin\u00eb p\u00ebr t\u00eb pedaluar mbi uj\u00eb n\u00eb nj\u00eb p\u00ebrvoj\u00eb unike dhe t\u00eb paharrueshme n\u00eb Esposende!    Bi\u00e7ikleta ujore, individuale dhe\/ose dyshe, n\u00eb dispozicion p\u00ebr qira  P\u00ebrfshin siguracion, jelek shp\u00ebtimi dhe mjet ndihm\u00ebs  \u00c7mimi nis nga 12 \u20ac p\u00ebr 30 minuta .","og_url":"https:\/\/apuliapraia-hotel.com\/de\/789-2\/aquaryde\/","og_site_name":"Apulia Praia Hotel","article_modified_time":"2025-07-29T21:44:26+00:00","twitter_card":"summary_large_image","twitter_misc":{"Gesch\u00e4tzte Lesezeit":"1 Minute"},"schema":{"@context":"https:\/\/schema.org","@graph":[{"@type":"WebPage","@id":"https:\/\/apuliapraia-hotel.com\/de\/789-2\/aquaryde\/","url":"https:\/\/apuliapraia-hotel.com\/de\/789-2\/aquaryde\/","name":"Aquaryde - Apulia Praia Hotel -","isPartOf":{"@id":"https:\/\/apuliapraia-hotel.com\/de\/#website"},"datePublished":"2025-07-29T21:43:57+00:00","dateModified":"2025-07-29T21:44:26+00:00","description":"Zbulo lirin\u00eb p\u00ebr t\u00eb pedaluar mbi uj\u00eb n\u00eb nj\u00eb p\u00ebrvoj\u00eb unike dhe t\u00eb paharrueshme n\u00eb Esposende! \u2022 Bi\u00e7ikleta ujore, individuale dhe\/ose dyshe, n\u00eb dispozicion p\u00ebr qira \u2022 P\u00ebrfshin siguracion, jelek shp\u00ebtimi dhe mjet ndihm\u00ebs \u2022 \u00c7mimi nis nga 12 \u20ac p\u00ebr 30 minuta .","breadcrumb":{"@id":"https:\/\/apuliapraia-hotel.com\/de\/789-2\/aquaryde\/#breadcrumb"},"inLanguage":"de-DE","potentialAction":[{"@type":"ReadAction","target":["https:\/\/apuliapraia-hotel.com\/de\/789-2\/aquaryde\/"]}]},{"@type":"BreadcrumbList","@id":"https:\/\/apuliapraia-hotel.com\/de\/789-2\/aquaryde\/#breadcrumb","itemListElement":[{"@type":"ListItem","position":1,"name":"Home","item":"https:\/\/apuliapraia-hotel.com\/de\/"},{"@type":"ListItem","position":2,"name":"Erlebnisse","item":"https:\/\/apuliapraia-hotel.com\/de\/789-2\/"},{"@type":"ListItem","position":3,"name":"Aquaryde"}]},{"@type":"WebSite","@id":"https:\/\/apuliapraia-hotel.com\/de\/#website","url":"https:\/\/apuliapraia-hotel.com\/de\/","name":"Apulia Praia Hotel","description":"","potentialAction":[{"@type":"SearchAction","target":{"@type":"EntryPoint","urlTemplate":"https:\/\/apuliapraia-hotel.com\/de\/?s={search_term_string}"},"query-input":{"@type":"PropertyValueSpecification","valueRequired":true,"valueName":"search_term_string"}}],"inLanguage":"de-DE"}]}},"acf":[],"_links":{"self":[{"href":"https:\/\/apuliapraia-hotel.com\/de\/wp-json\/wp\/v2\/pages\/1733","targetHints":{"allow":["GET"]}}],"collection":[{"href":"https:\/\/apuliapraia-hotel.com\/de\/wp-json\/wp\/v2\/pages"}],"about":[{"href":"https:\/\/apuliapraia-hotel.com\/de\/wp-json\/wp\/v2\/types\/page"}],"author":[{"embeddable":true,"href":"https:\/\/apuliapraia-hotel.com\/de\/wp-json\/wp\/v2\/users\/565"}],"replies":[{"embeddable":true,"href":"https:\/\/apuliapraia-hotel.com\/de\/wp-json\/wp\/v2\/comments?post=1733"}],"version-history":[{"count":0,"href":"https:\/\/apuliapraia-hotel.com\/de\/wp-json\/wp\/v2\/pages\/1733\/revisions"}],"up":[{"embeddable":true,"href":"https:\/\/apuliapraia-hotel.com\/de\/wp-json\/wp\/v2\/pages\/789"}],"wp:attachment":[{"href":"https:\/\/apuliapraia-hotel.com\/de\/wp-json\/wp\/v2\/media?parent=1733"}],"curies":[{"name":"wp","href":"https:\/\/api.w.org\/{rel}","templated":true}]}}