{"id":1228,"date":"2024-11-20T14:10:33","date_gmt":"2024-11-20T14:10:33","guid":{"rendered":"https:\/\/apuliapraia-hotel.com\/?page_id=1228"},"modified":"2024-11-20T14:11:28","modified_gmt":"2024-11-20T14:11:28","slug":"geschenksgutschein-186e","status":"publish","type":"page","link":"https:\/\/apuliapraia-hotel.com\/de\/789-2\/geschenksgutschein-186e\/","title":{"rendered":"Geschenksgutschein 186\u20ac"},"content":{"rendered":"<p>Das Apulia Praia Hotel hilft Ihnen die besten Geschenke zu organisieren, voll von Bequemlichkeit, Freundlichkeit und Qualit\u00e4t. Verschenken Sie einen Geschenkgutschein im Wert von 186\u20ac, welcher f\u00fcr einen bequemen Aufenthalt im Apulia Praia Hotel, f\u00fcr alle Annehmlichkeiten und einzigartige Erlebnisse mit unseren Partnern verwendet werden kann.<\/p>\n<p><strong>Wie kann man diesen E-Gutschein verwenden?<\/strong><\/p>\n<ul>\n<li>Zwei \u00dcbernachtungen mit Fr\u00fchst\u00fcck und Stand-up-Paddeln auf dem C\u00e1vado-Fluss f\u00fcr 2 Personen in einem Doppel-\/Zweibettzimmer (falls der Wert der Unterkunft den Wert des Gutscheins \u00fcbersteigt, kann die Zahlung des Differenzbetrags verlangt werden, je nach Buchungsdatum);\n<ul>\n<li>Stand-up-Paddeln auf dem C\u00e1vado-Fluss f\u00fcr 2 Personen (Ausr\u00fcstung wird gestellt);<\/li>\n<\/ul>\n<\/li>\n<li>Als einen Rabatt f\u00fcr andere Aufenthalte in unterschiedlichen R\u00e4umen und Unterkunftvereinbarungen im Apulia Praia Hotel.<\/li>\n<li>Als einen Rabatt f\u00fcr jeden Zuschlag ihres Aufenthalts, beinhaltet Erfahrungen mit unseren Partnern und direktes Buchen bei unserer Rezeption.<\/li>\n<\/ul>\n","protected":false},"excerpt":{"rendered":"<p>Das Apulia Praia Hotel hilft Ihnen die besten Geschenke zu organisieren, voll von Bequemlichkeit, Freundlichkeit und Qualit\u00e4t. Verschenken Sie einen Geschenkgutschein im Wert von 186\u20ac, welcher f\u00fcr einen bequemen Aufenthalt im Apulia Praia Hotel, f\u00fcr alle Annehmlichkeiten und einzigartige Erlebnisse mit unseren Partnern verwendet werden kann. Wie kann man diesen E-Gutschein verwenden? Zwei \u00dcbernachtungen mit [&hellip;]<\/p>\n","protected":false},"author":565,"featured_media":1167,"parent":789,"menu_order":26,"comment_status":"closed","ping_status":"closed","template":"template-voucher.php","meta":{"footnotes":""},"class_list":["post-1228","page","type-page","status-publish","has-post-thumbnail","hentry"],"yoast_head":"<!-- This site is optimized with the Yoast SEO plugin v26.9 - https:\/\/yoast.com\/product\/yoast-seo-wordpress\/ -->\n<title>Geschenksgutschein 186\u20ac - Apulia Praia Hotel -<\/title>\n<meta name=\"description\" content=\"Das Apulia Praia Hotel hilft Ihnen die besten Geschenke zu organisieren, voll von Bequemlichkeit, Freundlichkeit und Qualit\u00e4t. Verschenken Sie einen Geschenkgutschein im Wert von 186\u20ac, welcher f\u00fcr einen bequemen Aufenthalt im Apulia Praia Hotel, f\u00fcr alle Annehmlichkeiten und einzigartige Erlebnisse mit unseren Partnern verwendet werden kann.  Wie kann man diesen E-Gutschein verwenden?   Zwei \u00dcbernachtungen mit Fr\u00fchst\u00fcck und Stand-up-Paddeln auf dem C\u00e1vado-Fluss f\u00fcr 2 Personen in einem Doppel-\/Zweibettzimmer (falls der Wert der Unterkunft den Wert des Gutscheins \u00fcbersteigt, kann die Zahlung des Differenzbetrags verlangt werden, je nach Buchungsdatum);   Stand-up-Paddeln auf dem C\u00e1vado-Fluss f\u00fcr 2 Personen (Ausr\u00fcstung wird gestellt);    Als einen Rabatt f\u00fcr andere Aufenthalte in unterschiedlichen R\u00e4umen und Unterkunftvereinbarungen im Apulia Praia Hotel.  Als einen Rabatt f\u00fcr jeden Zuschlag ihres Aufenthalts, beinhaltet Erfahrungen mit unseren Partnern und direktes Buchen bei unserer Rezeption.\" \/>\n<meta name=\"robots\" content=\"index, follow, max-snippet:-1, max-image-preview:large, max-video-preview:-1\" \/>\n<link rel=\"canonical\" href=\"https:\/\/apuliapraia-hotel.com\/de\/789-2\/geschenksgutschein-186e\/\" \/>\n<meta property=\"og:locale\" content=\"de_DE\" \/>\n<meta property=\"og:type\" content=\"article\" \/>\n<meta property=\"og:title\" content=\"Geschenksgutschein 186\u20ac - Apulia Praia Hotel -\" \/>\n<meta property=\"og:description\" content=\"Das Apulia Praia Hotel hilft Ihnen die besten Geschenke zu organisieren, voll von Bequemlichkeit, Freundlichkeit und Qualit\u00e4t. Verschenken Sie einen Geschenkgutschein im Wert von 186\u20ac, welcher f\u00fcr einen bequemen Aufenthalt im Apulia Praia Hotel, f\u00fcr alle Annehmlichkeiten und einzigartige Erlebnisse mit unseren Partnern verwendet werden kann.  Wie kann man diesen E-Gutschein verwenden?   Zwei \u00dcbernachtungen mit Fr\u00fchst\u00fcck und Stand-up-Paddeln auf dem C\u00e1vado-Fluss f\u00fcr 2 Personen in einem Doppel-\/Zweibettzimmer (falls der Wert der Unterkunft den Wert des Gutscheins \u00fcbersteigt, kann die Zahlung des Differenzbetrags verlangt werden, je nach Buchungsdatum);   Stand-up-Paddeln auf dem C\u00e1vado-Fluss f\u00fcr 2 Personen (Ausr\u00fcstung wird gestellt);    Als einen Rabatt f\u00fcr andere Aufenthalte in unterschiedlichen R\u00e4umen und Unterkunftvereinbarungen im Apulia Praia Hotel.  Als einen Rabatt f\u00fcr jeden Zuschlag ihres Aufenthalts, beinhaltet Erfahrungen mit unseren Partnern und direktes Buchen bei unserer Rezeption.\" \/>\n<meta property=\"og:url\" content=\"https:\/\/apuliapraia-hotel.com\/de\/789-2\/geschenksgutschein-186e\/\" \/>\n<meta property=\"og:site_name\" content=\"Apulia Praia Hotel\" \/>\n<meta property=\"article:modified_time\" content=\"2024-11-20T14:11:28+00:00\" \/>\n<meta property=\"og:image\" content=\"https:\/\/apuliapraia-hotel.com\/wp-content\/uploads\/sites\/512\/2024\/11\/STAND-UP-PADDLE.png\" \/>\n\t<meta property=\"og:image:width\" content=\"1692\" \/>\n\t<meta property=\"og:image:height\" content=\"1200\" \/>\n\t<meta property=\"og:image:type\" content=\"image\/png\" \/>\n<meta name=\"twitter:card\" content=\"summary_large_image\" \/>\n<meta name=\"twitter:label1\" content=\"Gesch\u00e4tzte Lesezeit\" \/>\n\t<meta name=\"twitter:data1\" content=\"1 Minute\" \/>\n<script type=\"application\/ld+json\" class=\"yoast-schema-graph\">{\"@context\":\"https:\/\/schema.org\",\"@graph\":[{\"@type\":\"WebPage\",\"@id\":\"https:\/\/apuliapraia-hotel.com\/de\/789-2\/geschenksgutschein-186e\/\",\"url\":\"https:\/\/apuliapraia-hotel.com\/de\/789-2\/geschenksgutschein-186e\/\",\"name\":\"Geschenksgutschein 186\u20ac - Apulia Praia Hotel -\",\"isPartOf\":{\"@id\":\"https:\/\/apuliapraia-hotel.com\/de\/#website\"},\"primaryImageOfPage\":{\"@id\":\"https:\/\/apuliapraia-hotel.com\/de\/789-2\/geschenksgutschein-186e\/#primaryimage\"},\"image\":{\"@id\":\"https:\/\/apuliapraia-hotel.com\/de\/789-2\/geschenksgutschein-186e\/#primaryimage\"},\"thumbnailUrl\":\"https:\/\/apuliapraia-hotel.com\/wp-content\/uploads\/sites\/512\/2024\/11\/STAND-UP-PADDLE.png\",\"datePublished\":\"2024-11-20T14:10:33+00:00\",\"dateModified\":\"2024-11-20T14:11:28+00:00\",\"description\":\"Das Apulia Praia Hotel hilft Ihnen die besten Geschenke zu organisieren, voll von Bequemlichkeit, Freundlichkeit und Qualit\u00e4t. Verschenken Sie einen Geschenkgutschein im Wert von 186\u20ac, welcher f\u00fcr einen bequemen Aufenthalt im Apulia Praia Hotel, f\u00fcr alle Annehmlichkeiten und einzigartige Erlebnisse mit unseren Partnern verwendet werden kann. Wie kann man diesen E-Gutschein verwenden? \u2022 Zwei \u00dcbernachtungen mit Fr\u00fchst\u00fcck und Stand-up-Paddeln auf dem C\u00e1vado-Fluss f\u00fcr 2 Personen in einem Doppel-\/Zweibettzimmer (falls der Wert der Unterkunft den Wert des Gutscheins \u00fcbersteigt, kann die Zahlung des Differenzbetrags verlangt werden, je nach Buchungsdatum); \u2022 Stand-up-Paddeln auf dem C\u00e1vado-Fluss f\u00fcr 2 Personen (Ausr\u00fcstung wird gestellt); \u2022 Als einen Rabatt f\u00fcr andere Aufenthalte in unterschiedlichen R\u00e4umen und Unterkunftvereinbarungen im Apulia Praia Hotel. \u2022 Als einen Rabatt f\u00fcr jeden Zuschlag ihres Aufenthalts, beinhaltet Erfahrungen mit unseren Partnern und direktes Buchen bei unserer Rezeption.\",\"breadcrumb\":{\"@id\":\"https:\/\/apuliapraia-hotel.com\/de\/789-2\/geschenksgutschein-186e\/#breadcrumb\"},\"inLanguage\":\"de-DE\",\"potentialAction\":[{\"@type\":\"ReadAction\",\"target\":[\"https:\/\/apuliapraia-hotel.com\/de\/789-2\/geschenksgutschein-186e\/\"]}]},{\"@type\":\"ImageObject\",\"inLanguage\":\"de-DE\",\"@id\":\"https:\/\/apuliapraia-hotel.com\/de\/789-2\/geschenksgutschein-186e\/#primaryimage\",\"url\":\"https:\/\/apuliapraia-hotel.com\/wp-content\/uploads\/sites\/512\/2024\/11\/STAND-UP-PADDLE.png\",\"contentUrl\":\"https:\/\/apuliapraia-hotel.com\/wp-content\/uploads\/sites\/512\/2024\/11\/STAND-UP-PADDLE.png\",\"width\":1692,\"height\":1200},{\"@type\":\"BreadcrumbList\",\"@id\":\"https:\/\/apuliapraia-hotel.com\/de\/789-2\/geschenksgutschein-186e\/#breadcrumb\",\"itemListElement\":[{\"@type\":\"ListItem\",\"position\":1,\"name\":\"Home\",\"item\":\"https:\/\/apuliapraia-hotel.com\/de\/\"},{\"@type\":\"ListItem\",\"position\":2,\"name\":\"Erlebnisse\",\"item\":\"https:\/\/apuliapraia-hotel.com\/de\/789-2\/\"},{\"@type\":\"ListItem\",\"position\":3,\"name\":\"Geschenksgutschein 186\u20ac\"}]},{\"@type\":\"WebSite\",\"@id\":\"https:\/\/apuliapraia-hotel.com\/de\/#website\",\"url\":\"https:\/\/apuliapraia-hotel.com\/de\/\",\"name\":\"Apulia Praia Hotel\",\"description\":\"\",\"potentialAction\":[{\"@type\":\"SearchAction\",\"target\":{\"@type\":\"EntryPoint\",\"urlTemplate\":\"https:\/\/apuliapraia-hotel.com\/de\/?s={search_term_string}\"},\"query-input\":{\"@type\":\"PropertyValueSpecification\",\"valueRequired\":true,\"valueName\":\"search_term_string\"}}],\"inLanguage\":\"de-DE\"}]}<\/script>\n<!-- \/ Yoast SEO plugin. -->","yoast_head_json":{"title":"Geschenksgutschein 186\u20ac - Apulia Praia Hotel -","description":"Das Apulia Praia Hotel hilft Ihnen die besten Geschenke zu organisieren, voll von Bequemlichkeit, Freundlichkeit und Qualit\u00e4t. Verschenken Sie einen Geschenkgutschein im Wert von 186\u20ac, welcher f\u00fcr einen bequemen Aufenthalt im Apulia Praia Hotel, f\u00fcr alle Annehmlichkeiten und einzigartige Erlebnisse mit unseren Partnern verwendet werden kann.  Wie kann man diesen E-Gutschein verwenden?   Zwei \u00dcbernachtungen mit Fr\u00fchst\u00fcck und Stand-up-Paddeln auf dem C\u00e1vado-Fluss f\u00fcr 2 Personen in einem Doppel-\/Zweibettzimmer (falls der Wert der Unterkunft den Wert des Gutscheins \u00fcbersteigt, kann die Zahlung des Differenzbetrags verlangt werden, je nach Buchungsdatum);   Stand-up-Paddeln auf dem C\u00e1vado-Fluss f\u00fcr 2 Personen (Ausr\u00fcstung wird gestellt);    Als einen Rabatt f\u00fcr andere Aufenthalte in unterschiedlichen R\u00e4umen und Unterkunftvereinbarungen im Apulia Praia Hotel.  Als einen Rabatt f\u00fcr jeden Zuschlag ihres Aufenthalts, beinhaltet Erfahrungen mit unseren Partnern und direktes Buchen bei unserer Rezeption.","robots":{"index":"index","follow":"follow","max-snippet":"max-snippet:-1","max-image-preview":"max-image-preview:large","max-video-preview":"max-video-preview:-1"},"canonical":"https:\/\/apuliapraia-hotel.com\/de\/789-2\/geschenksgutschein-186e\/","og_locale":"de_DE","og_type":"article","og_title":"Geschenksgutschein 186\u20ac - Apulia Praia Hotel -","og_description":"Das Apulia Praia Hotel hilft Ihnen die besten Geschenke zu organisieren, voll von Bequemlichkeit, Freundlichkeit und Qualit\u00e4t. Verschenken Sie einen Geschenkgutschein im Wert von 186\u20ac, welcher f\u00fcr einen bequemen Aufenthalt im Apulia Praia Hotel, f\u00fcr alle Annehmlichkeiten und einzigartige Erlebnisse mit unseren Partnern verwendet werden kann.  Wie kann man diesen E-Gutschein verwenden?   Zwei \u00dcbernachtungen mit Fr\u00fchst\u00fcck und Stand-up-Paddeln auf dem C\u00e1vado-Fluss f\u00fcr 2 Personen in einem Doppel-\/Zweibettzimmer (falls der Wert der Unterkunft den Wert des Gutscheins \u00fcbersteigt, kann die Zahlung des Differenzbetrags verlangt werden, je nach Buchungsdatum);   Stand-up-Paddeln auf dem C\u00e1vado-Fluss f\u00fcr 2 Personen (Ausr\u00fcstung wird gestellt);    Als einen Rabatt f\u00fcr andere Aufenthalte in unterschiedlichen R\u00e4umen und Unterkunftvereinbarungen im Apulia Praia Hotel.  Als einen Rabatt f\u00fcr jeden Zuschlag ihres Aufenthalts, beinhaltet Erfahrungen mit unseren Partnern und direktes Buchen bei unserer Rezeption.","og_url":"https:\/\/apuliapraia-hotel.com\/de\/789-2\/geschenksgutschein-186e\/","og_site_name":"Apulia Praia Hotel","article_modified_time":"2024-11-20T14:11:28+00:00","og_image":[{"width":1692,"height":1200,"url":"https:\/\/apuliapraia-hotel.com\/wp-content\/uploads\/sites\/512\/2024\/11\/STAND-UP-PADDLE.png","type":"image\/png"}],"twitter_card":"summary_large_image","twitter_misc":{"Gesch\u00e4tzte Lesezeit":"1 Minute"},"schema":{"@context":"https:\/\/schema.org","@graph":[{"@type":"WebPage","@id":"https:\/\/apuliapraia-hotel.com\/de\/789-2\/geschenksgutschein-186e\/","url":"https:\/\/apuliapraia-hotel.com\/de\/789-2\/geschenksgutschein-186e\/","name":"Geschenksgutschein 186\u20ac - Apulia Praia Hotel -","isPartOf":{"@id":"https:\/\/apuliapraia-hotel.com\/de\/#website"},"primaryImageOfPage":{"@id":"https:\/\/apuliapraia-hotel.com\/de\/789-2\/geschenksgutschein-186e\/#primaryimage"},"image":{"@id":"https:\/\/apuliapraia-hotel.com\/de\/789-2\/geschenksgutschein-186e\/#primaryimage"},"thumbnailUrl":"https:\/\/apuliapraia-hotel.com\/wp-content\/uploads\/sites\/512\/2024\/11\/STAND-UP-PADDLE.png","datePublished":"2024-11-20T14:10:33+00:00","dateModified":"2024-11-20T14:11:28+00:00","description":"Das Apulia Praia Hotel hilft Ihnen die besten Geschenke zu organisieren, voll von Bequemlichkeit, Freundlichkeit und Qualit\u00e4t. Verschenken Sie einen Geschenkgutschein im Wert von 186\u20ac, welcher f\u00fcr einen bequemen Aufenthalt im Apulia Praia Hotel, f\u00fcr alle Annehmlichkeiten und einzigartige Erlebnisse mit unseren Partnern verwendet werden kann. Wie kann man diesen E-Gutschein verwenden? \u2022 Zwei \u00dcbernachtungen mit Fr\u00fchst\u00fcck und Stand-up-Paddeln auf dem C\u00e1vado-Fluss f\u00fcr 2 Personen in einem Doppel-\/Zweibettzimmer (falls der Wert der Unterkunft den Wert des Gutscheins \u00fcbersteigt, kann die Zahlung des Differenzbetrags verlangt werden, je nach Buchungsdatum); \u2022 Stand-up-Paddeln auf dem C\u00e1vado-Fluss f\u00fcr 2 Personen (Ausr\u00fcstung wird gestellt); \u2022 Als einen Rabatt f\u00fcr andere Aufenthalte in unterschiedlichen R\u00e4umen und Unterkunftvereinbarungen im Apulia Praia Hotel. \u2022 Als einen Rabatt f\u00fcr jeden Zuschlag ihres Aufenthalts, beinhaltet Erfahrungen mit unseren Partnern und direktes Buchen bei unserer Rezeption.","breadcrumb":{"@id":"https:\/\/apuliapraia-hotel.com\/de\/789-2\/geschenksgutschein-186e\/#breadcrumb"},"inLanguage":"de-DE","potentialAction":[{"@type":"ReadAction","target":["https:\/\/apuliapraia-hotel.com\/de\/789-2\/geschenksgutschein-186e\/"]}]},{"@type":"ImageObject","inLanguage":"de-DE","@id":"https:\/\/apuliapraia-hotel.com\/de\/789-2\/geschenksgutschein-186e\/#primaryimage","url":"https:\/\/apuliapraia-hotel.com\/wp-content\/uploads\/sites\/512\/2024\/11\/STAND-UP-PADDLE.png","contentUrl":"https:\/\/apuliapraia-hotel.com\/wp-content\/uploads\/sites\/512\/2024\/11\/STAND-UP-PADDLE.png","width":1692,"height":1200},{"@type":"BreadcrumbList","@id":"https:\/\/apuliapraia-hotel.com\/de\/789-2\/geschenksgutschein-186e\/#breadcrumb","itemListElement":[{"@type":"ListItem","position":1,"name":"Home","item":"https:\/\/apuliapraia-hotel.com\/de\/"},{"@type":"ListItem","position":2,"name":"Erlebnisse","item":"https:\/\/apuliapraia-hotel.com\/de\/789-2\/"},{"@type":"ListItem","position":3,"name":"Geschenksgutschein 186\u20ac"}]},{"@type":"WebSite","@id":"https:\/\/apuliapraia-hotel.com\/de\/#website","url":"https:\/\/apuliapraia-hotel.com\/de\/","name":"Apulia Praia Hotel","description":"","potentialAction":[{"@type":"SearchAction","target":{"@type":"EntryPoint","urlTemplate":"https:\/\/apuliapraia-hotel.com\/de\/?s={search_term_string}"},"query-input":{"@type":"PropertyValueSpecification","valueRequired":true,"valueName":"search_term_string"}}],"inLanguage":"de-DE"}]}},"acf":[],"_links":{"self":[{"href":"https:\/\/apuliapraia-hotel.com\/de\/wp-json\/wp\/v2\/pages\/1228","targetHints":{"allow":["GET"]}}],"collection":[{"href":"https:\/\/apuliapraia-hotel.com\/de\/wp-json\/wp\/v2\/pages"}],"about":[{"href":"https:\/\/apuliapraia-hotel.com\/de\/wp-json\/wp\/v2\/types\/page"}],"author":[{"embeddable":true,"href":"https:\/\/apuliapraia-hotel.com\/de\/wp-json\/wp\/v2\/users\/565"}],"replies":[{"embeddable":true,"href":"https:\/\/apuliapraia-hotel.com\/de\/wp-json\/wp\/v2\/comments?post=1228"}],"version-history":[{"count":0,"href":"https:\/\/apuliapraia-hotel.com\/de\/wp-json\/wp\/v2\/pages\/1228\/revisions"}],"up":[{"embeddable":true,"href":"https:\/\/apuliapraia-hotel.com\/de\/wp-json\/wp\/v2\/pages\/789"}],"wp:featuredmedia":[{"embeddable":true,"href":"https:\/\/apuliapraia-hotel.com\/de\/wp-json\/wp\/v2\/media\/1167"}],"wp:attachment":[{"href":"https:\/\/apuliapraia-hotel.com\/de\/wp-json\/wp\/v2\/media?parent=1228"}],"curies":[{"name":"wp","href":"https:\/\/api.w.org\/{rel}","templated":true}]}}