{"id":1145,"date":"2024-08-27T15:41:49","date_gmt":"2024-08-27T15:41:49","guid":{"rendered":"https:\/\/apuliapraia-hotel.com\/?page_id=1145"},"modified":"2024-08-28T14:04:54","modified_gmt":"2024-08-28T14:04:54","slug":"minigolfanlage-barqueiros","status":"publish","type":"page","link":"https:\/\/apuliapraia-hotel.com\/de\/789-2\/minigolfanlage-barqueiros\/","title":{"rendered":"Minigolfanlage Barqueiros"},"content":{"rendered":"<p>Die Minigolfanlage des Sportparks <strong>Necessidades Futebol Clube<\/strong> ist mit ihren 18 Bahnen der ideale Ort, um einen vergn\u00fcglichen Vormittag oder Nachmittag in Gesellschaft von Freunden und Familie bei einer Partie Minigolf zu verbringen. Bei Gruppen von mehr als 6 Personen, Geburtstagen, Gruppenaktivit\u00e4ten, Schulbesuchen und Firmenveranstaltungen ist eine erwachsene Begleitperson erforderlich.<\/p>\n<p>&nbsp;<\/p>\n<p><strong>\u00d6ffnungszeiten:<\/strong><\/p>\n<ul>\n<li>T\u00e4glich ge\u00f6ffnet bis zum 15. September<\/li>\n<li>Ab 15. September:\n<ul>\n<li>Dienstag bis Sonntag: 10-20h<\/li>\n<li>Montags geschlossen<\/li>\n<\/ul>\n<\/li>\n<\/ul>\n<p><strong>Preise (individueller Eintrag, keine Zeitbegrenzung):<\/strong><\/p>\n<ul>\n<li>0 &#8211; 5 Jahren: frei<\/li>\n<li>6 &#8211; 12 Jahren: 1.5\u20ac<\/li>\n<li>mehr als 13 Jahren: 3\u20ac<\/li>\n<li>beinhaltet die Miete von Schl\u00e4gern und B\u00e4llen.<\/li>\n<\/ul>\n","protected":false},"excerpt":{"rendered":"<p>Die Minigolfanlage des Sportparks Necessidades Futebol Clube ist mit ihren 18 Bahnen der ideale Ort, um einen vergn\u00fcglichen Vormittag oder Nachmittag in Gesellschaft von Freunden und Familie bei einer Partie Minigolf zu verbringen. Bei Gruppen von mehr als 6 Personen, Geburtstagen, Gruppenaktivit\u00e4ten, Schulbesuchen und Firmenveranstaltungen ist eine erwachsene Begleitperson erforderlich. &nbsp; \u00d6ffnungszeiten: T\u00e4glich ge\u00f6ffnet bis [&hellip;]<\/p>\n","protected":false},"author":565,"featured_media":1137,"parent":789,"menu_order":25,"comment_status":"closed","ping_status":"closed","template":"template-default-4.php","meta":{"footnotes":""},"class_list":["post-1145","page","type-page","status-publish","has-post-thumbnail","hentry"],"yoast_head":"<!-- This site is optimized with the Yoast SEO plugin v26.9 - https:\/\/yoast.com\/product\/yoast-seo-wordpress\/ -->\n<title>Minigolfanlage Barqueiros - Apulia Praia Hotel -<\/title>\n<meta name=\"description\" content=\"Die Minigolfanlage des Sportparks Necessidades Futebol Clube ist mit ihren 18 Bahnen der ideale Ort, um einen vergn\u00fcglichen Vormittag oder Nachmittag in Gesellschaft von Freunden und Familie bei einer Partie Minigolf zu verbringen. Bei Gruppen von mehr als 6 Personen, Geburtstagen, Gruppenaktivit\u00e4ten, Schulbesuchen und Firmenveranstaltungen ist eine erwachsene Begleitperson erforderlich.  &nbsp;  \u00d6ffnungszeiten:   T\u00e4glich ge\u00f6ffnet bis zum 15\" \/>\n<meta name=\"robots\" content=\"index, follow, max-snippet:-1, max-image-preview:large, max-video-preview:-1\" \/>\n<link rel=\"canonical\" href=\"https:\/\/apuliapraia-hotel.com\/de\/789-2\/minigolfanlage-barqueiros\/\" \/>\n<meta property=\"og:locale\" content=\"de_DE\" \/>\n<meta property=\"og:type\" content=\"article\" \/>\n<meta property=\"og:title\" content=\"Minigolfanlage Barqueiros - Apulia Praia Hotel -\" \/>\n<meta property=\"og:description\" content=\"Die Minigolfanlage des Sportparks Necessidades Futebol Clube ist mit ihren 18 Bahnen der ideale Ort, um einen vergn\u00fcglichen Vormittag oder Nachmittag in Gesellschaft von Freunden und Familie bei einer Partie Minigolf zu verbringen. Bei Gruppen von mehr als 6 Personen, Geburtstagen, Gruppenaktivit\u00e4ten, Schulbesuchen und Firmenveranstaltungen ist eine erwachsene Begleitperson erforderlich.  &nbsp;  \u00d6ffnungszeiten:   T\u00e4glich ge\u00f6ffnet bis zum 15\" \/>\n<meta property=\"og:url\" content=\"https:\/\/apuliapraia-hotel.com\/de\/789-2\/minigolfanlage-barqueiros\/\" \/>\n<meta property=\"og:site_name\" content=\"Apulia Praia Hotel\" \/>\n<meta property=\"article:modified_time\" content=\"2024-08-28T14:04:54+00:00\" \/>\n<meta property=\"og:image\" content=\"https:\/\/apuliapraia-hotel.com\/wp-content\/uploads\/sites\/512\/2024\/08\/Necessidades-Futebol-Clube-Mini-golf.jpg\" \/>\n\t<meta property=\"og:image:width\" content=\"1068\" \/>\n\t<meta property=\"og:image:height\" content=\"702\" \/>\n\t<meta property=\"og:image:type\" content=\"image\/jpeg\" \/>\n<meta name=\"twitter:card\" content=\"summary_large_image\" \/>\n<meta name=\"twitter:label1\" content=\"Gesch\u00e4tzte Lesezeit\" \/>\n\t<meta name=\"twitter:data1\" content=\"1 Minute\" \/>\n<script type=\"application\/ld+json\" class=\"yoast-schema-graph\">{\"@context\":\"https:\/\/schema.org\",\"@graph\":[{\"@type\":\"WebPage\",\"@id\":\"https:\/\/apuliapraia-hotel.com\/de\/789-2\/minigolfanlage-barqueiros\/\",\"url\":\"https:\/\/apuliapraia-hotel.com\/de\/789-2\/minigolfanlage-barqueiros\/\",\"name\":\"Minigolfanlage Barqueiros - Apulia Praia Hotel -\",\"isPartOf\":{\"@id\":\"https:\/\/apuliapraia-hotel.com\/de\/#website\"},\"primaryImageOfPage\":{\"@id\":\"https:\/\/apuliapraia-hotel.com\/de\/789-2\/minigolfanlage-barqueiros\/#primaryimage\"},\"image\":{\"@id\":\"https:\/\/apuliapraia-hotel.com\/de\/789-2\/minigolfanlage-barqueiros\/#primaryimage\"},\"thumbnailUrl\":\"https:\/\/apuliapraia-hotel.com\/wp-content\/uploads\/sites\/512\/2024\/08\/Necessidades-Futebol-Clube-Mini-golf.jpg\",\"datePublished\":\"2024-08-27T15:41:49+00:00\",\"dateModified\":\"2024-08-28T14:04:54+00:00\",\"description\":\"Die Minigolfanlage des Sportparks Necessidades Futebol Clube ist mit ihren 18 Bahnen der ideale Ort, um einen vergn\u00fcglichen Vormittag oder Nachmittag in Gesellschaft von Freunden und Familie bei einer Partie Minigolf zu verbringen. Bei Gruppen von mehr als 6 Personen, Geburtstagen, Gruppenaktivit\u00e4ten, Schulbesuchen und Firmenveranstaltungen ist eine erwachsene Begleitperson erforderlich. &nbsp; \u00d6ffnungszeiten: \u2022 T\u00e4glich ge\u00f6ffnet bis zum 15\",\"breadcrumb\":{\"@id\":\"https:\/\/apuliapraia-hotel.com\/de\/789-2\/minigolfanlage-barqueiros\/#breadcrumb\"},\"inLanguage\":\"de-DE\",\"potentialAction\":[{\"@type\":\"ReadAction\",\"target\":[\"https:\/\/apuliapraia-hotel.com\/de\/789-2\/minigolfanlage-barqueiros\/\"]}]},{\"@type\":\"ImageObject\",\"inLanguage\":\"de-DE\",\"@id\":\"https:\/\/apuliapraia-hotel.com\/de\/789-2\/minigolfanlage-barqueiros\/#primaryimage\",\"url\":\"https:\/\/apuliapraia-hotel.com\/wp-content\/uploads\/sites\/512\/2024\/08\/Necessidades-Futebol-Clube-Mini-golf.jpg\",\"contentUrl\":\"https:\/\/apuliapraia-hotel.com\/wp-content\/uploads\/sites\/512\/2024\/08\/Necessidades-Futebol-Clube-Mini-golf.jpg\",\"width\":1068,\"height\":702},{\"@type\":\"BreadcrumbList\",\"@id\":\"https:\/\/apuliapraia-hotel.com\/de\/789-2\/minigolfanlage-barqueiros\/#breadcrumb\",\"itemListElement\":[{\"@type\":\"ListItem\",\"position\":1,\"name\":\"Home\",\"item\":\"https:\/\/apuliapraia-hotel.com\/de\/\"},{\"@type\":\"ListItem\",\"position\":2,\"name\":\"Erlebnisse\",\"item\":\"https:\/\/apuliapraia-hotel.com\/de\/789-2\/\"},{\"@type\":\"ListItem\",\"position\":3,\"name\":\"Minigolfanlage Barqueiros\"}]},{\"@type\":\"WebSite\",\"@id\":\"https:\/\/apuliapraia-hotel.com\/de\/#website\",\"url\":\"https:\/\/apuliapraia-hotel.com\/de\/\",\"name\":\"Apulia Praia Hotel\",\"description\":\"\",\"potentialAction\":[{\"@type\":\"SearchAction\",\"target\":{\"@type\":\"EntryPoint\",\"urlTemplate\":\"https:\/\/apuliapraia-hotel.com\/de\/?s={search_term_string}\"},\"query-input\":{\"@type\":\"PropertyValueSpecification\",\"valueRequired\":true,\"valueName\":\"search_term_string\"}}],\"inLanguage\":\"de-DE\"}]}<\/script>\n<!-- \/ Yoast SEO plugin. -->","yoast_head_json":{"title":"Minigolfanlage Barqueiros - Apulia Praia Hotel -","description":"Die Minigolfanlage des Sportparks Necessidades Futebol Clube ist mit ihren 18 Bahnen der ideale Ort, um einen vergn\u00fcglichen Vormittag oder Nachmittag in Gesellschaft von Freunden und Familie bei einer Partie Minigolf zu verbringen. Bei Gruppen von mehr als 6 Personen, Geburtstagen, Gruppenaktivit\u00e4ten, Schulbesuchen und Firmenveranstaltungen ist eine erwachsene Begleitperson erforderlich.  &nbsp;  \u00d6ffnungszeiten:   T\u00e4glich ge\u00f6ffnet bis zum 15","robots":{"index":"index","follow":"follow","max-snippet":"max-snippet:-1","max-image-preview":"max-image-preview:large","max-video-preview":"max-video-preview:-1"},"canonical":"https:\/\/apuliapraia-hotel.com\/de\/789-2\/minigolfanlage-barqueiros\/","og_locale":"de_DE","og_type":"article","og_title":"Minigolfanlage Barqueiros - Apulia Praia Hotel -","og_description":"Die Minigolfanlage des Sportparks Necessidades Futebol Clube ist mit ihren 18 Bahnen der ideale Ort, um einen vergn\u00fcglichen Vormittag oder Nachmittag in Gesellschaft von Freunden und Familie bei einer Partie Minigolf zu verbringen. Bei Gruppen von mehr als 6 Personen, Geburtstagen, Gruppenaktivit\u00e4ten, Schulbesuchen und Firmenveranstaltungen ist eine erwachsene Begleitperson erforderlich.  &nbsp;  \u00d6ffnungszeiten:   T\u00e4glich ge\u00f6ffnet bis zum 15","og_url":"https:\/\/apuliapraia-hotel.com\/de\/789-2\/minigolfanlage-barqueiros\/","og_site_name":"Apulia Praia Hotel","article_modified_time":"2024-08-28T14:04:54+00:00","og_image":[{"width":1068,"height":702,"url":"https:\/\/apuliapraia-hotel.com\/wp-content\/uploads\/sites\/512\/2024\/08\/Necessidades-Futebol-Clube-Mini-golf.jpg","type":"image\/jpeg"}],"twitter_card":"summary_large_image","twitter_misc":{"Gesch\u00e4tzte Lesezeit":"1 Minute"},"schema":{"@context":"https:\/\/schema.org","@graph":[{"@type":"WebPage","@id":"https:\/\/apuliapraia-hotel.com\/de\/789-2\/minigolfanlage-barqueiros\/","url":"https:\/\/apuliapraia-hotel.com\/de\/789-2\/minigolfanlage-barqueiros\/","name":"Minigolfanlage Barqueiros - Apulia Praia Hotel -","isPartOf":{"@id":"https:\/\/apuliapraia-hotel.com\/de\/#website"},"primaryImageOfPage":{"@id":"https:\/\/apuliapraia-hotel.com\/de\/789-2\/minigolfanlage-barqueiros\/#primaryimage"},"image":{"@id":"https:\/\/apuliapraia-hotel.com\/de\/789-2\/minigolfanlage-barqueiros\/#primaryimage"},"thumbnailUrl":"https:\/\/apuliapraia-hotel.com\/wp-content\/uploads\/sites\/512\/2024\/08\/Necessidades-Futebol-Clube-Mini-golf.jpg","datePublished":"2024-08-27T15:41:49+00:00","dateModified":"2024-08-28T14:04:54+00:00","description":"Die Minigolfanlage des Sportparks Necessidades Futebol Clube ist mit ihren 18 Bahnen der ideale Ort, um einen vergn\u00fcglichen Vormittag oder Nachmittag in Gesellschaft von Freunden und Familie bei einer Partie Minigolf zu verbringen. Bei Gruppen von mehr als 6 Personen, Geburtstagen, Gruppenaktivit\u00e4ten, Schulbesuchen und Firmenveranstaltungen ist eine erwachsene Begleitperson erforderlich. &nbsp; \u00d6ffnungszeiten: \u2022 T\u00e4glich ge\u00f6ffnet bis zum 15","breadcrumb":{"@id":"https:\/\/apuliapraia-hotel.com\/de\/789-2\/minigolfanlage-barqueiros\/#breadcrumb"},"inLanguage":"de-DE","potentialAction":[{"@type":"ReadAction","target":["https:\/\/apuliapraia-hotel.com\/de\/789-2\/minigolfanlage-barqueiros\/"]}]},{"@type":"ImageObject","inLanguage":"de-DE","@id":"https:\/\/apuliapraia-hotel.com\/de\/789-2\/minigolfanlage-barqueiros\/#primaryimage","url":"https:\/\/apuliapraia-hotel.com\/wp-content\/uploads\/sites\/512\/2024\/08\/Necessidades-Futebol-Clube-Mini-golf.jpg","contentUrl":"https:\/\/apuliapraia-hotel.com\/wp-content\/uploads\/sites\/512\/2024\/08\/Necessidades-Futebol-Clube-Mini-golf.jpg","width":1068,"height":702},{"@type":"BreadcrumbList","@id":"https:\/\/apuliapraia-hotel.com\/de\/789-2\/minigolfanlage-barqueiros\/#breadcrumb","itemListElement":[{"@type":"ListItem","position":1,"name":"Home","item":"https:\/\/apuliapraia-hotel.com\/de\/"},{"@type":"ListItem","position":2,"name":"Erlebnisse","item":"https:\/\/apuliapraia-hotel.com\/de\/789-2\/"},{"@type":"ListItem","position":3,"name":"Minigolfanlage Barqueiros"}]},{"@type":"WebSite","@id":"https:\/\/apuliapraia-hotel.com\/de\/#website","url":"https:\/\/apuliapraia-hotel.com\/de\/","name":"Apulia Praia Hotel","description":"","potentialAction":[{"@type":"SearchAction","target":{"@type":"EntryPoint","urlTemplate":"https:\/\/apuliapraia-hotel.com\/de\/?s={search_term_string}"},"query-input":{"@type":"PropertyValueSpecification","valueRequired":true,"valueName":"search_term_string"}}],"inLanguage":"de-DE"}]}},"acf":[],"_links":{"self":[{"href":"https:\/\/apuliapraia-hotel.com\/de\/wp-json\/wp\/v2\/pages\/1145","targetHints":{"allow":["GET"]}}],"collection":[{"href":"https:\/\/apuliapraia-hotel.com\/de\/wp-json\/wp\/v2\/pages"}],"about":[{"href":"https:\/\/apuliapraia-hotel.com\/de\/wp-json\/wp\/v2\/types\/page"}],"author":[{"embeddable":true,"href":"https:\/\/apuliapraia-hotel.com\/de\/wp-json\/wp\/v2\/users\/565"}],"replies":[{"embeddable":true,"href":"https:\/\/apuliapraia-hotel.com\/de\/wp-json\/wp\/v2\/comments?post=1145"}],"version-history":[{"count":0,"href":"https:\/\/apuliapraia-hotel.com\/de\/wp-json\/wp\/v2\/pages\/1145\/revisions"}],"up":[{"embeddable":true,"href":"https:\/\/apuliapraia-hotel.com\/de\/wp-json\/wp\/v2\/pages\/789"}],"wp:featuredmedia":[{"embeddable":true,"href":"https:\/\/apuliapraia-hotel.com\/de\/wp-json\/wp\/v2\/media\/1137"}],"wp:attachment":[{"href":"https:\/\/apuliapraia-hotel.com\/de\/wp-json\/wp\/v2\/media?parent=1145"}],"curies":[{"name":"wp","href":"https:\/\/api.w.org\/{rel}","templated":true}]}}