{"id":1116,"date":"2024-06-24T08:15:49","date_gmt":"2024-06-24T08:15:49","guid":{"rendered":"https:\/\/apuliapraia-hotel.com\/?page_id=1116"},"modified":"2024-06-24T08:18:04","modified_gmt":"2024-06-24T08:18:04","slug":"sargasso-museum","status":"publish","type":"page","link":"https:\/\/apuliapraia-hotel.com\/de\/region\/sargasso-museum\/","title":{"rendered":"Sargasso-Museum"},"content":{"rendered":"<p>Entdecken Sie die Geschichte von Esposende mit dem Sargasso-Museum! Dieser Schatz bewahrt und f\u00f6rdert die Kultur der &#8222;Sargasso-Ernte&#8220;, insbesondere in der Gemeinde Ap\u00falia, die das gr\u00f6\u00dfte Symbol der kulturellen F\u00f6rderung ist. Das Museum besteht aus einem gro\u00dfen Ausstellungsraum, in dem Trachten, Arbeitsger\u00e4te und Boote ausgestellt sind. Im Obergeschoss wird der Wert dieser Praxis im Laufe der Jahrhunderte dargestellt. Sargasso wird nicht nur traditionell zur D\u00fcngung landwirtschaftlicher Felder verwendet, sondern auch f\u00fcr Hygiene-, Kosmetik- und Lebensmittelprodukte. Dies und vieles mehr finden Sie nur wenige Minuten vom Hotel Apulia Praia entfernt.<\/p>\n","protected":false},"excerpt":{"rendered":"<p>Entdecken Sie die Geschichte von Esposende mit dem Sargasso-Museum! Dieser Schatz bewahrt und f\u00f6rdert die Kultur der &#8222;Sargasso-Ernte&#8220;, insbesondere in der Gemeinde Ap\u00falia, die das gr\u00f6\u00dfte Symbol der kulturellen F\u00f6rderung ist. Das Museum besteht aus einem gro\u00dfen Ausstellungsraum, in dem Trachten, Arbeitsger\u00e4te und Boote ausgestellt sind. Im Obergeschoss wird der Wert dieser Praxis im Laufe [&hellip;]<\/p>\n","protected":false},"author":565,"featured_media":0,"parent":815,"menu_order":14,"comment_status":"closed","ping_status":"closed","template":"template-default-4.php","meta":{"footnotes":""},"class_list":["post-1116","page","type-page","status-publish","hentry"],"yoast_head":"<!-- This site is optimized with the Yoast SEO plugin v26.9 - https:\/\/yoast.com\/product\/yoast-seo-wordpress\/ -->\n<title>Sargasso-Museum - Apulia Praia Hotel -<\/title>\n<meta name=\"description\" content=\"Entdecken Sie die Geschichte von Esposende mit dem Sargasso-Museum! Dieser Schatz bewahrt und f\u00f6rdert die Kultur der &quot;Sargasso-Ernte&quot;, insbesondere in der Gemeinde Ap\u00falia, die das gr\u00f6\u00dfte Symbol der kulturellen F\u00f6rderung ist. Das Museum besteht aus einem gro\u00dfen Ausstellungsraum, in dem Trachten, Arbeitsger\u00e4te und Boote ausgestellt sind\" \/>\n<meta name=\"robots\" content=\"index, follow, max-snippet:-1, max-image-preview:large, max-video-preview:-1\" \/>\n<link rel=\"canonical\" href=\"https:\/\/apuliapraia-hotel.com\/de\/region\/sargasso-museum\/\" \/>\n<meta property=\"og:locale\" content=\"de_DE\" \/>\n<meta property=\"og:type\" content=\"article\" \/>\n<meta property=\"og:title\" content=\"Sargasso-Museum - Apulia Praia Hotel -\" \/>\n<meta property=\"og:description\" content=\"Entdecken Sie die Geschichte von Esposende mit dem Sargasso-Museum! Dieser Schatz bewahrt und f\u00f6rdert die Kultur der &quot;Sargasso-Ernte&quot;, insbesondere in der Gemeinde Ap\u00falia, die das gr\u00f6\u00dfte Symbol der kulturellen F\u00f6rderung ist. Das Museum besteht aus einem gro\u00dfen Ausstellungsraum, in dem Trachten, Arbeitsger\u00e4te und Boote ausgestellt sind\" \/>\n<meta property=\"og:url\" content=\"https:\/\/apuliapraia-hotel.com\/de\/region\/sargasso-museum\/\" \/>\n<meta property=\"og:site_name\" content=\"Apulia Praia Hotel\" \/>\n<meta property=\"article:modified_time\" content=\"2024-06-24T08:18:04+00:00\" \/>\n<meta name=\"twitter:card\" content=\"summary_large_image\" \/>\n<meta name=\"twitter:label1\" content=\"Gesch\u00e4tzte Lesezeit\" \/>\n\t<meta name=\"twitter:data1\" content=\"1 Minute\" \/>\n<script type=\"application\/ld+json\" class=\"yoast-schema-graph\">{\"@context\":\"https:\/\/schema.org\",\"@graph\":[{\"@type\":\"WebPage\",\"@id\":\"https:\/\/apuliapraia-hotel.com\/de\/region\/sargasso-museum\/\",\"url\":\"https:\/\/apuliapraia-hotel.com\/de\/region\/sargasso-museum\/\",\"name\":\"Sargasso-Museum - Apulia Praia Hotel -\",\"isPartOf\":{\"@id\":\"https:\/\/apuliapraia-hotel.com\/de\/#website\"},\"datePublished\":\"2024-06-24T08:15:49+00:00\",\"dateModified\":\"2024-06-24T08:18:04+00:00\",\"description\":\"Entdecken Sie die Geschichte von Esposende mit dem Sargasso-Museum! Dieser Schatz bewahrt und f\u00f6rdert die Kultur der \\\"Sargasso-Ernte\\\", insbesondere in der Gemeinde Ap\u00falia, die das gr\u00f6\u00dfte Symbol der kulturellen F\u00f6rderung ist. Das Museum besteht aus einem gro\u00dfen Ausstellungsraum, in dem Trachten, Arbeitsger\u00e4te und Boote ausgestellt sind\",\"breadcrumb\":{\"@id\":\"https:\/\/apuliapraia-hotel.com\/de\/region\/sargasso-museum\/#breadcrumb\"},\"inLanguage\":\"de-DE\",\"potentialAction\":[{\"@type\":\"ReadAction\",\"target\":[\"https:\/\/apuliapraia-hotel.com\/de\/region\/sargasso-museum\/\"]}]},{\"@type\":\"BreadcrumbList\",\"@id\":\"https:\/\/apuliapraia-hotel.com\/de\/region\/sargasso-museum\/#breadcrumb\",\"itemListElement\":[{\"@type\":\"ListItem\",\"position\":1,\"name\":\"Home\",\"item\":\"https:\/\/apuliapraia-hotel.com\/de\/\"},{\"@type\":\"ListItem\",\"position\":2,\"name\":\"Region\",\"item\":\"https:\/\/apuliapraia-hotel.com\/de\/region\/\"},{\"@type\":\"ListItem\",\"position\":3,\"name\":\"Sargasso-Museum\"}]},{\"@type\":\"WebSite\",\"@id\":\"https:\/\/apuliapraia-hotel.com\/de\/#website\",\"url\":\"https:\/\/apuliapraia-hotel.com\/de\/\",\"name\":\"Apulia Praia Hotel\",\"description\":\"\",\"potentialAction\":[{\"@type\":\"SearchAction\",\"target\":{\"@type\":\"EntryPoint\",\"urlTemplate\":\"https:\/\/apuliapraia-hotel.com\/de\/?s={search_term_string}\"},\"query-input\":{\"@type\":\"PropertyValueSpecification\",\"valueRequired\":true,\"valueName\":\"search_term_string\"}}],\"inLanguage\":\"de-DE\"}]}<\/script>\n<!-- \/ Yoast SEO plugin. -->","yoast_head_json":{"title":"Sargasso-Museum - Apulia Praia Hotel -","description":"Entdecken Sie die Geschichte von Esposende mit dem Sargasso-Museum! Dieser Schatz bewahrt und f\u00f6rdert die Kultur der \"Sargasso-Ernte\", insbesondere in der Gemeinde Ap\u00falia, die das gr\u00f6\u00dfte Symbol der kulturellen F\u00f6rderung ist. Das Museum besteht aus einem gro\u00dfen Ausstellungsraum, in dem Trachten, Arbeitsger\u00e4te und Boote ausgestellt sind","robots":{"index":"index","follow":"follow","max-snippet":"max-snippet:-1","max-image-preview":"max-image-preview:large","max-video-preview":"max-video-preview:-1"},"canonical":"https:\/\/apuliapraia-hotel.com\/de\/region\/sargasso-museum\/","og_locale":"de_DE","og_type":"article","og_title":"Sargasso-Museum - Apulia Praia Hotel -","og_description":"Entdecken Sie die Geschichte von Esposende mit dem Sargasso-Museum! Dieser Schatz bewahrt und f\u00f6rdert die Kultur der \"Sargasso-Ernte\", insbesondere in der Gemeinde Ap\u00falia, die das gr\u00f6\u00dfte Symbol der kulturellen F\u00f6rderung ist. Das Museum besteht aus einem gro\u00dfen Ausstellungsraum, in dem Trachten, Arbeitsger\u00e4te und Boote ausgestellt sind","og_url":"https:\/\/apuliapraia-hotel.com\/de\/region\/sargasso-museum\/","og_site_name":"Apulia Praia Hotel","article_modified_time":"2024-06-24T08:18:04+00:00","twitter_card":"summary_large_image","twitter_misc":{"Gesch\u00e4tzte Lesezeit":"1 Minute"},"schema":{"@context":"https:\/\/schema.org","@graph":[{"@type":"WebPage","@id":"https:\/\/apuliapraia-hotel.com\/de\/region\/sargasso-museum\/","url":"https:\/\/apuliapraia-hotel.com\/de\/region\/sargasso-museum\/","name":"Sargasso-Museum - Apulia Praia Hotel -","isPartOf":{"@id":"https:\/\/apuliapraia-hotel.com\/de\/#website"},"datePublished":"2024-06-24T08:15:49+00:00","dateModified":"2024-06-24T08:18:04+00:00","description":"Entdecken Sie die Geschichte von Esposende mit dem Sargasso-Museum! Dieser Schatz bewahrt und f\u00f6rdert die Kultur der \"Sargasso-Ernte\", insbesondere in der Gemeinde Ap\u00falia, die das gr\u00f6\u00dfte Symbol der kulturellen F\u00f6rderung ist. Das Museum besteht aus einem gro\u00dfen Ausstellungsraum, in dem Trachten, Arbeitsger\u00e4te und Boote ausgestellt sind","breadcrumb":{"@id":"https:\/\/apuliapraia-hotel.com\/de\/region\/sargasso-museum\/#breadcrumb"},"inLanguage":"de-DE","potentialAction":[{"@type":"ReadAction","target":["https:\/\/apuliapraia-hotel.com\/de\/region\/sargasso-museum\/"]}]},{"@type":"BreadcrumbList","@id":"https:\/\/apuliapraia-hotel.com\/de\/region\/sargasso-museum\/#breadcrumb","itemListElement":[{"@type":"ListItem","position":1,"name":"Home","item":"https:\/\/apuliapraia-hotel.com\/de\/"},{"@type":"ListItem","position":2,"name":"Region","item":"https:\/\/apuliapraia-hotel.com\/de\/region\/"},{"@type":"ListItem","position":3,"name":"Sargasso-Museum"}]},{"@type":"WebSite","@id":"https:\/\/apuliapraia-hotel.com\/de\/#website","url":"https:\/\/apuliapraia-hotel.com\/de\/","name":"Apulia Praia Hotel","description":"","potentialAction":[{"@type":"SearchAction","target":{"@type":"EntryPoint","urlTemplate":"https:\/\/apuliapraia-hotel.com\/de\/?s={search_term_string}"},"query-input":{"@type":"PropertyValueSpecification","valueRequired":true,"valueName":"search_term_string"}}],"inLanguage":"de-DE"}]}},"acf":[],"_links":{"self":[{"href":"https:\/\/apuliapraia-hotel.com\/de\/wp-json\/wp\/v2\/pages\/1116","targetHints":{"allow":["GET"]}}],"collection":[{"href":"https:\/\/apuliapraia-hotel.com\/de\/wp-json\/wp\/v2\/pages"}],"about":[{"href":"https:\/\/apuliapraia-hotel.com\/de\/wp-json\/wp\/v2\/types\/page"}],"author":[{"embeddable":true,"href":"https:\/\/apuliapraia-hotel.com\/de\/wp-json\/wp\/v2\/users\/565"}],"replies":[{"embeddable":true,"href":"https:\/\/apuliapraia-hotel.com\/de\/wp-json\/wp\/v2\/comments?post=1116"}],"version-history":[{"count":0,"href":"https:\/\/apuliapraia-hotel.com\/de\/wp-json\/wp\/v2\/pages\/1116\/revisions"}],"up":[{"embeddable":true,"href":"https:\/\/apuliapraia-hotel.com\/de\/wp-json\/wp\/v2\/pages\/815"}],"wp:attachment":[{"href":"https:\/\/apuliapraia-hotel.com\/de\/wp-json\/wp\/v2\/media?parent=1116"}],"curies":[{"name":"wp","href":"https:\/\/api.w.org\/{rel}","templated":true}]}}